{"id":418,"date":"2025-05-19T10:26:05","date_gmt":"2025-05-19T02:26:05","guid":{"rendered":"http:\/\/deke.mktdrive.com%20\/?post_type=product&#038;p=418"},"modified":"2025-12-26T10:13:03","modified_gmt":"2025-12-26T02:13:03","slug":"eco-s","status":"publish","type":"product","link":"https:\/\/deke.mktdrive.com\/de\/product\/eco-s\/","title":{"rendered":"Wafoo ECO S Nachf\u00fcllbares Pod Kit"},"content":{"rendered":"<h3 style=\"text-align: center;\"><span style=\"font-size: 24pt;\"><strong>Produkteigenschaften<\/strong><\/span><\/h3>\n<p><span style=\"font-size: 14pt;\">Langlebige Kraft, ganzt\u00e4giges Vertrauen:\u00a0<\/span><span style=\"font-size: 14pt;\">Eine robuste 1300mAh interne Batterie gepaart mit einem effizienten Typ-C-Schnellladen sorgt f\u00fcr eine zuverl\u00e4ssige ganzt\u00e4gige Leistung. Das ist das Wafoo-Versprechen f\u00fcr ein zuverl\u00e4ssiges Dampfger\u00e4t.<\/span><\/p>\n<p><span style=\"font-size: 14pt;\">Dual Pod Flexibilit\u00e4t, einfaches Nachf\u00fcllen: verf\u00fcgt \u00fcber einen transparenten 2,0 ml nachf\u00fcllbaren Pod Tank, kompatibel mit offenen und geschlossenen Systemen. Das Seitenf\u00fclldesign macht das Hinzuf\u00fcgen Ihrer Lieblingsfl\u00fcssigkeit oder E-Zigarettenfl\u00fcssigkeit einfach und sauber.<\/span><\/p>\n<p><span style=\"font-size: 14pt;\">Pr\u00e4zise Steuerung, Ihr perfekter Draw: Bietet einen breiten Leistungsbereich von 15W bis 30W mit 0,5W-Inkrementen und einstellbarem Luftstrom. Feinstellen Sie Ihr Erlebnis auf massive Wolken oder eine enge Ziehung, so dass dieses nachf\u00fcllbare Pod-System unglaublich vielseitig ist.<\/span><\/p>\n<p><span style=\"font-size: 14pt;\">Haltbarer Aufbau, klares Display: Geh\u00e4use in einem strukturierten Metallrahmen f\u00fcr St\u00e4rke und Stil. Ein 1,47-Zoll-TFT-Farbbildschirm zeigt deutlich Wattst\u00e4rke, Akkuspiegel und mehr, so dass Sie die volle Kontrolle \u00fcber Ihr Pod-Ger\u00e4t haben.<\/span><\/p>\n<p><img fetchpriority=\"high\" decoding=\"async\" class=\"alignnone wp-image-4249 size-full\" src=\"https:\/\/deke.mktdrive.com\/wp-content\/uploads\/2025\/05\/10080-.jpg\" alt=\"\" width=\"1920\" height=\"1080\" srcset=\"https:\/\/deke.mktdrive.com\/wp-content\/uploads\/2025\/05\/10080-.jpg 1920w, https:\/\/deke.mktdrive.com\/wp-content\/uploads\/2025\/05\/10080--300x169.jpg 300w, https:\/\/deke.mktdrive.com\/wp-content\/uploads\/2025\/05\/10080--1024x576.jpg 1024w, https:\/\/deke.mktdrive.com\/wp-content\/uploads\/2025\/05\/10080--768x432.jpg 768w, https:\/\/deke.mktdrive.com\/wp-content\/uploads\/2025\/05\/10080--1536x864.jpg 1536w, https:\/\/deke.mktdrive.com\/wp-content\/uploads\/2025\/05\/10080--600x338.jpg 600w\" sizes=\"(max-width: 1920px) 100vw, 1920px\" \/> <img decoding=\"async\" class=\"alignnone wp-image-4250 size-full\" src=\"https:\/\/deke.mktdrive.com\/wp-content\/uploads\/2025\/05\/10080-1.jpg\" alt=\"\" width=\"1920\" height=\"1080\" srcset=\"https:\/\/deke.mktdrive.com\/wp-content\/uploads\/2025\/05\/10080-1.jpg 1920w, https:\/\/deke.mktdrive.com\/wp-content\/uploads\/2025\/05\/10080-1-300x169.jpg 300w, https:\/\/deke.mktdrive.com\/wp-content\/uploads\/2025\/05\/10080-1-1024x576.jpg 1024w, https:\/\/deke.mktdrive.com\/wp-content\/uploads\/2025\/05\/10080-1-768x432.jpg 768w, https:\/\/deke.mktdrive.com\/wp-content\/uploads\/2025\/05\/10080-1-1536x864.jpg 1536w, https:\/\/deke.mktdrive.com\/wp-content\/uploads\/2025\/05\/10080-1-600x338.jpg 600w\" sizes=\"(max-width: 1920px) 100vw, 1920px\" \/><\/p>\n<h3 style=\"text-align: center;\"><span style=\"font-size: 24pt;\"><strong>Detaillierte Spezifikationen Tabelle<\/strong><\/span><\/h3>\n<table class=\"aligncenter\" style=\"width: 43.0396%; height: 588px;\">\n<tbody>\n<tr style=\"height: 56px;\">\n<td style=\"width: 36.9863%; height: 56px;\" width=\"210\"><span style=\"font-size: 14pt;\">Eigenschaften<\/span><\/td>\n<td style=\"width: 60.6237%; height: 56px;\" width=\"352\"><span style=\"font-size: 14pt;\">Spezifikation<\/span><\/td>\n<\/tr>\n<tr style=\"height: 56px;\">\n<td style=\"width: 36.9863%; height: 56px;\" width=\"210\"><span style=\"font-size: 14pt;\">Ger\u00e4tetyp<\/span><\/td>\n<td style=\"width: 60.6237%; height: 56px;\" width=\"352\"><span style=\"font-size: 14pt;\">Nachf\u00fcllbares Pod Kit \/ System<\/span><\/td>\n<\/tr>\n<tr style=\"height: 56px;\">\n<td style=\"width: 36.9863%; height: 56px;\" width=\"210\"><span style=\"font-size: 14pt;\">Pod Kapazit\u00e4t<\/span><\/td>\n<td style=\"width: 60.6237%; height: 56px;\" width=\"352\"><span style=\"font-size: 14pt;\">2,0ml (Transparenter Tank)<\/span><\/td>\n<\/tr>\n<tr style=\"height: 84px;\">\n<td style=\"width: 36.9863%; height: 84px;\" width=\"210\"><span style=\"font-size: 14pt;\">Pod Typ<\/span><\/td>\n<td style=\"width: 60.6237%; height: 84px;\" width=\"352\"><span style=\"font-size: 14pt;\">Nachf\u00fcllbarer Pod (offenes\/geschlossenes System kompatibel)<\/span><\/td>\n<\/tr>\n<tr style=\"height: 56px;\">\n<td style=\"width: 36.9863%; height: 56px;\" width=\"210\"><span style=\"font-size: 14pt;\">Batteriekapazit\u00e4t<\/span><\/td>\n<td style=\"width: 60.6237%; height: 56px;\" width=\"352\"><span style=\"font-size: 14pt;\">1300mAh (eingebaut)<\/span><\/td>\n<\/tr>\n<tr style=\"height: 56px;\">\n<td style=\"width: 36.9863%; height: 56px;\" width=\"210\"><span style=\"font-size: 14pt;\">Ladeport<\/span><\/td>\n<td style=\"width: 60.6237%; height: 56px;\" width=\"352\"><span style=\"font-size: 14pt;\">Typ C<\/span><\/td>\n<\/tr>\n<tr style=\"height: 56px;\">\n<td style=\"width: 36.9863%; height: 56px;\" width=\"210\"><span style=\"font-size: 14pt;\">Leistungsbereich<\/span><\/td>\n<td style=\"width: 60.6237%; height: 56px;\" width=\"352\"><span style=\"font-size: 14pt;\">15W &#8211; 30W (in 0,5W Schritten einstellbar)<\/span><\/td>\n<\/tr>\n<tr style=\"height: 56px;\">\n<td style=\"width: 36.9863%; height: 56px;\" width=\"210\"><span style=\"font-size: 14pt;\">Anzeige<\/span><\/td>\n<td style=\"width: 60.6237%; height: 56px;\" width=\"352\"><span style=\"font-size: 14pt;\">1,47-Zoll TFT Farbbildschirm<\/span><\/td>\n<\/tr>\n<tr style=\"height: 56px;\">\n<td style=\"width: 36.9863%; height: 56px;\" width=\"210\"><span style=\"font-size: 14pt;\">Luftstr\u00f6mungssteuerung<\/span><\/td>\n<td style=\"width: 60.6237%; height: 56px;\" width=\"352\"><span style=\"font-size: 14pt;\">Verstellbar<\/span><\/td>\n<\/tr>\n<tr style=\"height: 56px;\">\n<td style=\"width: 36.9863%; height: 56px;\" width=\"210\"><span style=\"font-size: 14pt;\">Nachf\u00fcllmethode<\/span><\/td>\n<td style=\"width: 60.6237%; height: 56px;\" width=\"352\"><span style=\"font-size: 14pt;\">Seitenf\u00fclldesign<\/span><\/td>\n<\/tr>\n<\/tbody>\n<\/table>\n<p>&nbsp;<\/p>\n<p>&nbsp;<\/p>\n<p><img decoding=\"async\" class=\"alignnone wp-image-4251 size-full\" src=\"https:\/\/deke.mktdrive.com\/wp-content\/uploads\/2025\/05\/10080-2.jpg\" alt=\"\" width=\"1920\" height=\"1080\" srcset=\"https:\/\/deke.mktdrive.com\/wp-content\/uploads\/2025\/05\/10080-2.jpg 1920w, https:\/\/deke.mktdrive.com\/wp-content\/uploads\/2025\/05\/10080-2-300x169.jpg 300w, https:\/\/deke.mktdrive.com\/wp-content\/uploads\/2025\/05\/10080-2-1024x576.jpg 1024w, https:\/\/deke.mktdrive.com\/wp-content\/uploads\/2025\/05\/10080-2-768x432.jpg 768w, https:\/\/deke.mktdrive.com\/wp-content\/uploads\/2025\/05\/10080-2-1536x864.jpg 1536w, https:\/\/deke.mktdrive.com\/wp-content\/uploads\/2025\/05\/10080-2-600x338.jpg 600w\" sizes=\"(max-width: 1920px) 100vw, 1920px\" \/><\/p>\n<p style=\"text-align: center;\"><strong><span style=\"font-size: 24pt;\">W\u00e4hlen Sie Wafoo, W\u00e4hlen Sie Expertise &amp; Unterst\u00fctzung<\/span><\/strong><\/p>\n<p><span style=\"font-size: 14pt;\">Bei Wafoo sind wir spezialisiert auf die Entwicklung hochwertiger, innovativer Dampfger\u00e4te und Pod-Systeme. Wir verstehen, dass gro\u00dfartige E-Zigarettenfl\u00fcssigkeiten und Kapselfl\u00fcssigkeiten ein au\u00dfergew\u00f6hnliches Ger\u00e4t verdienen, um ihr volles Potenzial auszusch\u00f6pfen. Von fortschrittlichen nachf\u00fcllbaren Kapselger\u00e4ten bis hin zu praktischen Einwegkapseln ist unser Produktsortiment darauf ausgelegt, weltweit unterschiedliche Pr\u00e4ferenzen zu erf\u00fcllen.<\/span><\/p>\n<p>&nbsp;<\/p>\n<p style=\"text-align: center;\"><span style=\"font-size: 24pt;\"><strong><b>FAQ (h\u00e4ufig gestellte Fragen)<\/b><\/strong><\/span><\/p>\n<p><strong><span style=\"font-size: 14pt;\">F: Welche E-Zigarettenfl\u00fcssigkeiten funktionieren am besten mit dem Wafoo ECO S?<\/span><\/strong><\/p>\n<p><span style=\"font-size: 14pt;\">A: Als nachf\u00fcllbares Pod-Ger\u00e4t ist das ECO S mit den meisten g\u00e4ngigen Pod-Fl\u00fcssigkeiten kompatibel. F\u00fcr optimale Leistung und Geschmack aus diesem Pod-System empfehlen wir die Verwendung von Nikotinsalz-e-Fl\u00fcssigkeiten.<\/span><\/p>\n<p><strong><span style=\"font-size: 14pt;\">F: Wie pflege ich mein nachf\u00fcllbares Pod-Kit?<\/span><\/strong><\/p>\n<p><span style=\"font-size: 14pt;\">A: F\u00fcr Ihre nachf\u00fcllbare H\u00fclse stellen Sie sicher, dass die Spule vor der ersten Verwendung mit H\u00fclsefl\u00fcssigkeit gegr\u00fcndet ist. Reinigen Sie die Kontakte und den Hohlraum regelm\u00e4\u00dfig mit einem trockenen Baumwollt\u00fcbchen f\u00fcr die beste Leistung Ihres Dampfger\u00e4tes.<\/span><\/p>","protected":false},"excerpt":{"rendered":"<p>Erleben Sie das Wafoo ECO S nachf\u00fcllbare Pod-Kit: 1300mAh Akku, 15-30W verstellbare Leistung, offene\/geschlossene Pod-Kompatibilit\u00e4t. Entworfen f\u00fcr Geschmack und Kontrolle. Erhalten Sie Details &amp; Preisgestaltung.<\/p>","protected":false},"featured_media":4248,"comment_status":"closed","ping_status":"closed","template":"","meta":[],"product_brand":[],"product_cat":[23,25],"product_tag":[],"class_list":{"0":"post-418","1":"product","2":"type-product","3":"status-publish","4":"has-post-thumbnail","6":"product_cat-pod-system","7":"product_cat-product","9":"first","10":"instock","11":"shipping-taxable","12":"product-type-simple"},"_links":{"self":[{"href":"https:\/\/deke.mktdrive.com\/de\/wp-json\/wp\/v2\/product\/418","targetHints":{"allow":["GET"]}}],"collection":[{"href":"https:\/\/deke.mktdrive.com\/de\/wp-json\/wp\/v2\/product"}],"about":[{"href":"https:\/\/deke.mktdrive.com\/de\/wp-json\/wp\/v2\/types\/product"}],"replies":[{"embeddable":true,"href":"https:\/\/deke.mktdrive.com\/de\/wp-json\/wp\/v2\/comments?post=418"}],"wp:featuredmedia":[{"embeddable":true,"href":"https:\/\/deke.mktdrive.com\/de\/wp-json\/wp\/v2\/media\/4248"}],"wp:attachment":[{"href":"https:\/\/deke.mktdrive.com\/de\/wp-json\/wp\/v2\/media?parent=418"}],"wp:term":[{"taxonomy":"product_brand","embeddable":true,"href":"https:\/\/deke.mktdrive.com\/de\/wp-json\/wp\/v2\/product_brand?post=418"},{"taxonomy":"product_cat","embeddable":true,"href":"https:\/\/deke.mktdrive.com\/de\/wp-json\/wp\/v2\/product_cat?post=418"},{"taxonomy":"product_tag","embeddable":true,"href":"https:\/\/deke.mktdrive.com\/de\/wp-json\/wp\/v2\/product_tag?post=418"}],"curies":[{"name":"wp","href":"https:\/\/api.w.org\/{rel}","templated":true}]}}