{"id":426,"date":"2025-05-19T10:33:23","date_gmt":"2025-05-19T02:33:23","guid":{"rendered":"http:\/\/deke.mktdrive.com%20\/?post_type=product&#038;p=426"},"modified":"2026-04-10T10:56:00","modified_gmt":"2026-04-10T02:56:00","slug":"s-30k","status":"publish","type":"product","link":"https:\/\/deke.mktdrive.com\/de\/product\/s-30k\/","title":{"rendered":"Wafoo S 30K Smart Bluetooth Wegwerfvape | Telefon verbunden"},"content":{"rendered":"<p style=\"text-align: center;\"><span style=\"font-size: 24pt;\"><strong><b>Warum&#8217; s eine Top-Wahl:<\/b><\/strong><\/span><\/p>\n<p><span style=\"font-size: 14pt;\">Langlebige Verwendung:\u00a0<\/span><\/p>\n<p><span style=\"font-size: 14pt;\">Mit 25ml Saftfl\u00fcssigkeit im Inneren, es&#8217; s gebaut, um bis zu 30.000 Puffs zu liefern. Sie erhalten eine erweiterte Nutzung von einem einzigen, kompakten Dampfger\u00e4t.<\/span><\/p>\n<p><span style=\"font-size: 14pt;\">Superiore Geschmackstechnologie:\u00a0<\/span><\/p>\n<p><span style=\"font-size: 14pt;\">Wir verwenden Dual Mesh-Spulen, um unsere Premium-Saft-Geschmacksmischungen zu erw\u00e4rmen. Dies gibt Ihnen einen glatteren, konsistenteren Geschmack bei jedem Puff und zeigt die besten Dampfgeschmack.<\/span><\/p>\n<p><span style=\"font-size: 14pt;\">Smart &amp; Interaktiv:\u00a0<\/span><\/p>\n<p><span style=\"font-size: 14pt;\">Gehen Sie \u00fcber das Vaping hinaus. Dieses Ger\u00e4t erm\u00f6glicht Live-Musik-Streaming, enth\u00e4lt einfache Spiele und kann sogar eingehende Anrufe verarbeiten, was es zu einem wirklich multifunktionalen Produkt macht.<\/span><\/p>\n<p><span style=\"font-size: 14pt;\">Klare Informationen:\u00a0<\/span><\/p>\n<p><span style=\"font-size: 14pt;\">Ein intelligentes Display zeigt Ihren Akkuspiegel und die Anzahl der Puffs an, so dass Sie&#8217; immer informiert.<\/span><\/p>\n<p>&nbsp;<\/p>\n<p><img fetchpriority=\"high\" decoding=\"async\" class=\"alignnone wp-image-4223 size-full\" src=\"https:\/\/deke.mktdrive.com\/wp-content\/uploads\/2025\/05\/S30K61-1.jpg\" alt=\"\" width=\"1920\" height=\"1080\" srcset=\"https:\/\/deke.mktdrive.com\/wp-content\/uploads\/2025\/05\/S30K61-1.jpg 1920w, https:\/\/deke.mktdrive.com\/wp-content\/uploads\/2025\/05\/S30K61-1-300x169.jpg 300w, https:\/\/deke.mktdrive.com\/wp-content\/uploads\/2025\/05\/S30K61-1-1024x576.jpg 1024w, https:\/\/deke.mktdrive.com\/wp-content\/uploads\/2025\/05\/S30K61-1-768x432.jpg 768w, https:\/\/deke.mktdrive.com\/wp-content\/uploads\/2025\/05\/S30K61-1-1536x864.jpg 1536w, https:\/\/deke.mktdrive.com\/wp-content\/uploads\/2025\/05\/S30K61-1-600x338.jpg 600w\" sizes=\"(max-width: 1920px) 100vw, 1920px\" \/><\/p>\n<h3 style=\"text-align: center;\"><span style=\"font-size: 24pt;\"><strong>Detaillierte Produktinformationen<\/strong><\/span><\/h3>\n<p><span style=\"font-size: 14pt;\"> Smarter mit Bluetooth gebaut<\/span><\/p>\n<p><span style=\"font-size: 14pt;\">Wafoo entwickelte den S 30K, um sich herauszuheben. Durch das Hinzuf\u00fcgen einer stabilen Bluetooth-Konnektivit\u00e4t k\u00f6nnen wir&#8217; Wir haben ein einfaches Wegwerfsystem in ein interaktives Gadget verwandelt. Es ist dieser Fokus auf intelligente Funktionen, der viele Benutzer dazu bringt, es als eine der besten verf\u00fcgbaren Einwegoptionen zu betrachten.<\/span><\/p>\n<p><span style=\"font-size: 14pt;\"> Entwickelt f\u00fcr Leistung und Geschmack<\/span><\/p>\n<p><span style=\"font-size: 14pt;\">Die Grundlage eines tollen Dampfger\u00e4tes ist eine zuverl\u00e4ssige Leistung. Der S 30K kombiniert eine leistungsstarke Batterie mit einem gro\u00dfz\u00fcgigen 25ml-Tank unserer Signatursaftfl\u00fcssigkeit. Das Dual Meshcoil ist von entscheidender Bedeutung \u2013 es sorgt daf\u00fcr, dass die E-Fl\u00fcssigkeit gleichm\u00e4\u00dfig verdampft wird, was der Schl\u00fcssel ist, um das volle Profil seines Wegwerfaroma-Sortiments freizugeben. Von eisigen Fr\u00fcchten bis hin zu reichhaltigen Desserts ist der Geschmack klar und befriedigend.<\/span><\/p>\n<p><span style=\"font-size: 14pt;\">Geschmack und Stil f\u00fcr jeden<\/span><\/p>\n<p><span style=\"font-size: 14pt;\">Die Wahl ist wichtig. Das&#8217; s warum der WafooS 30K in mehreren Geschmacksrichtungen von Wegwerfdampfern erh\u00e4ltlich ist. Ob Sie bitter Beeren Mischungen, k\u00fchle Menthol oder klassischen Tabak bevorzugen, es&#8217; s ein Saft Geschmack f\u00fcr Sie. Das Ger\u00e4t selbst ist auch in mehreren modernen Farben erh\u00e4ltlich, um Ihrem Stil zu entsprechen.<\/span><\/p>\n<p><span style=\"font-size: 14pt;\">Un\u00fcbertroffener Service &amp; Unterst\u00fctzung<\/span><\/p>\n<p><span style=\"font-size: 14pt;\">Die Wahl von Wafoo bedeutet umfassende Unterst\u00fctzung. Wir bieten einen One-Stop-Service von der Produktberatung und dem Massenkauf bis hin zum After-Sales-Support. Unser Ziel ist es, gemeinsam mit globalen Partnern zu wachsen, indem wir wettbewerbsf\u00e4hige Einwegproduktl\u00f6sungen anbieten.<\/span><\/p>\n<p>&nbsp;<\/p>\n<p><img decoding=\"async\" class=\"alignnone wp-image-4186 size-full\" src=\"https:\/\/deke.mktdrive.com\/wp-content\/uploads\/2025\/05\/S30K62.jpg\" alt=\"\" width=\"1920\" height=\"1080\" srcset=\"https:\/\/deke.mktdrive.com\/wp-content\/uploads\/2025\/05\/S30K62.jpg 1920w, https:\/\/deke.mktdrive.com\/wp-content\/uploads\/2025\/05\/S30K62-300x169.jpg 300w, https:\/\/deke.mktdrive.com\/wp-content\/uploads\/2025\/05\/S30K62-1024x576.jpg 1024w, https:\/\/deke.mktdrive.com\/wp-content\/uploads\/2025\/05\/S30K62-768x432.jpg 768w, https:\/\/deke.mktdrive.com\/wp-content\/uploads\/2025\/05\/S30K62-1536x864.jpg 1536w, https:\/\/deke.mktdrive.com\/wp-content\/uploads\/2025\/05\/S30K62-600x338.jpg 600w\" sizes=\"(max-width: 1920px) 100vw, 1920px\" \/><\/p>\n<p style=\"text-align: center;\"><span style=\"font-size: 24pt;\"><strong>H\u00e4ufig gestellte Fragen<\/strong><\/span><\/p>\n<p><span style=\"font-size: 14pt;\">Q1: Verbindet sich der Wafoo S 30K Einwegvape wirklich mit einem Telefon? Was kann es tun?<\/span><\/p>\n<p><span style=\"font-size: 14pt;\">Ja, das ist die Kerninnovation des S 30K. \u00dcber Bluetooth erm\u00f6glicht dieses multifunktionale Wegwerf-Dampfger\u00e4t das Streaming von Live-Musik, das Spielen von eingebauten Minispielen und sogar die Beantwortung von Anrufen, was das traditionelle Wegwerf-Erlebnis von E-Zigaretten erheblich bereichert.<\/span><\/p>\n<p><span style=\"font-size: 14pt;\">Q2: Welche Aromen sind f\u00fcr den S 30K verf\u00fcgbar?<\/span><\/p>\n<p><span style=\"font-size: 14pt;\">Wafoo bietet eine breite Auswahl an Dampfaromen f\u00fcr den S 30K. Unsere Saftfl\u00fcssigkeit kommt in beliebten Auswahl wie gemischte Beeren, frische Mango, knackiges Apfeleis und glatter Tabak. Wir aktualisieren regelm\u00e4\u00dfig unsere Geschmacksrichtungen von Einwegvapes basierend auf Markttrends.<\/span><\/p>\n<p><span style=\"font-size: 14pt;\">Q3: Was&#8217; s der Unterschied zwischen Wafoo&#8217; s Einweg- und Pod-Systeme?<\/span><\/p>\n<p><span style=\"font-size: 14pt;\">Wafoo bietet verschiedene Arten von Dampfger\u00e4ten f\u00fcr verschiedene Bed\u00fcrfnisse. Unsere Einwegg\u00fcter, wie der S 30K, sind vorgef\u00fcllt und vollst\u00e4ndig wartungsfrei - verwenden Sie es, bis es&#8217; s fertig. Unsere wiederaufladbaren Vapes oder Pod-Systeme, wie die ECO-Serie, verf\u00fcgen \u00fcber ein wiederverwendbares Batterieger\u00e4t und austauschbare Wegwerfkapseln (Kartuschen), die Sie austauschen k\u00f6nnen, um den Saftgeschmack zu \u00e4ndern. Beide sind gro\u00dfartig; Die Wahl h\u00e4ngt davon ab, ob Sie ultimativen Komfort bevorzugen oder die Flexibilit\u00e4t, Geschmacksrichtungen h\u00e4ufiger zu wechseln.<\/span><\/p>\n<p>&nbsp;<\/p>","protected":false},"excerpt":{"rendered":"<p>Treffen Sie das Wafoo S 30K, ein intelligentes Einwegvaping-Ger\u00e4t mit Bluetooth f\u00fcr Musik, Spiele und Anrufe. Es enth\u00e4lt 25 ml Saftfl\u00fcssigkeit f\u00fcr bis zu 30.000 Puffs und verwendet Dual Mesh f\u00fcr tolle Dampfgeschmacke.<\/p>\n<p>&nbsp;<\/p>","protected":false},"featured_media":4172,"comment_status":"closed","ping_status":"closed","template":"","meta":[],"product_brand":[],"product_cat":[15,25],"product_tag":[],"class_list":{"0":"post-426","1":"product","2":"type-product","3":"status-publish","4":"has-post-thumbnail","6":"product_cat-disposable","7":"product_cat-product","9":"first","10":"instock","11":"shipping-taxable","12":"product-type-simple"},"_links":{"self":[{"href":"https:\/\/deke.mktdrive.com\/de\/wp-json\/wp\/v2\/product\/426","targetHints":{"allow":["GET"]}}],"collection":[{"href":"https:\/\/deke.mktdrive.com\/de\/wp-json\/wp\/v2\/product"}],"about":[{"href":"https:\/\/deke.mktdrive.com\/de\/wp-json\/wp\/v2\/types\/product"}],"replies":[{"embeddable":true,"href":"https:\/\/deke.mktdrive.com\/de\/wp-json\/wp\/v2\/comments?post=426"}],"wp:featuredmedia":[{"embeddable":true,"href":"https:\/\/deke.mktdrive.com\/de\/wp-json\/wp\/v2\/media\/4172"}],"wp:attachment":[{"href":"https:\/\/deke.mktdrive.com\/de\/wp-json\/wp\/v2\/media?parent=426"}],"wp:term":[{"taxonomy":"product_brand","embeddable":true,"href":"https:\/\/deke.mktdrive.com\/de\/wp-json\/wp\/v2\/product_brand?post=426"},{"taxonomy":"product_cat","embeddable":true,"href":"https:\/\/deke.mktdrive.com\/de\/wp-json\/wp\/v2\/product_cat?post=426"},{"taxonomy":"product_tag","embeddable":true,"href":"https:\/\/deke.mktdrive.com\/de\/wp-json\/wp\/v2\/product_tag?post=426"}],"curies":[{"name":"wp","href":"https:\/\/api.w.org\/{rel}","templated":true}]}}