{"id":493,"date":"2025-05-19T11:41:56","date_gmt":"2025-05-19T03:41:56","guid":{"rendered":"http:\/\/deke.mktdrive.com%20\/?post_type=product&#038;p=493"},"modified":"2025-12-05T15:45:44","modified_gmt":"2025-12-05T07:45:44","slug":"sphere-20k","status":"publish","type":"product","link":"https:\/\/deke.mktdrive.com\/de\/product\/sphere-20k\/","title":{"rendered":"Sph\u00e4re 20K"},"content":{"rendered":"<p style=\"text-align: center;\"><strong><span style=\"font-size: 36pt;\">Sph\u00e4re 20K<\/span><\/strong><\/p>\n<p><strong>Hauptmerkmale:<\/strong><\/p>\n<p>\u25cf  Erh\u00e4ltlich in schwarzen und dunkelgr\u00fcnen Ger\u00e4tefarben<\/p>\n<p>\u25cf16  Premium Geschmacksm\u00f6glichkeiten<\/p>\n<p>\u25cf Glatter Kehlschlag mit sauberer Dampfproduktion<\/p>\n<p>\u25cf Der leichte und komfortable K\u00f6rper ist f\u00fcr den t\u00e4glichen Gebrauch geeignet<\/p>\n<p>\u25cf Intelligentl Display Bildschirm<\/p>\n<p>\u25cf Dual Mesh, doppelt die Zufriedenheit<\/p>\n<p>\u25cf Kompaktes Design passt zu Ihren H\u00e4nden<\/p>\n<p><strong>Geschmacksliste (16 Geschmacksrichtungen):<\/strong><\/p>\n<p>1) Wassermelone Eis 2) Erdbeere Eis 3) Virginia Tabak 4) Eis Energy Drink 5) Kiwi Guava 6) B\u00e4ren Keks<\/p>\n<p>7) Sakura Traube 8) Blaue Himbeere 9) Frische Minze 10) Vanille Custard 11) Doppel Apfel 12) Zitronen Tarte<\/p>\n<p>13) Blueberry Ananas 14) Pfirsich Ananas Mango 15) Cherry Cola 16) Wassermelone Gr\u00fcner Apfel<\/p>\n<p data-wp-editing=\"1\"><img fetchpriority=\"high\" decoding=\"async\" class=\"alignnone wp-image-4125 size-full\" src=\"https:\/\/deke.mktdrive.com\/wp-content\/uploads\/2025\/05\/Sphere20K-web-1.jpg\" alt=\"\" width=\"1920\" height=\"1080\" srcset=\"https:\/\/deke.mktdrive.com\/wp-content\/uploads\/2025\/05\/Sphere20K-web-1.jpg 1920w, https:\/\/deke.mktdrive.com\/wp-content\/uploads\/2025\/05\/Sphere20K-web-1-300x169.jpg 300w, https:\/\/deke.mktdrive.com\/wp-content\/uploads\/2025\/05\/Sphere20K-web-1-1024x576.jpg 1024w, https:\/\/deke.mktdrive.com\/wp-content\/uploads\/2025\/05\/Sphere20K-web-1-768x432.jpg 768w, https:\/\/deke.mktdrive.com\/wp-content\/uploads\/2025\/05\/Sphere20K-web-1-1536x864.jpg 1536w, https:\/\/deke.mktdrive.com\/wp-content\/uploads\/2025\/05\/Sphere20K-web-1-600x338.jpg 600w\" sizes=\"(max-width: 1920px) 100vw, 1920px\" \/> <img decoding=\"async\" class=\"alignnone wp-image-4126 size-full\" src=\"https:\/\/deke.mktdrive.com\/wp-content\/uploads\/2025\/05\/Sphere20K-web-2.jpg\" alt=\"\" width=\"1920\" height=\"1080\" srcset=\"https:\/\/deke.mktdrive.com\/wp-content\/uploads\/2025\/05\/Sphere20K-web-2.jpg 1920w, https:\/\/deke.mktdrive.com\/wp-content\/uploads\/2025\/05\/Sphere20K-web-2-300x169.jpg 300w, https:\/\/deke.mktdrive.com\/wp-content\/uploads\/2025\/05\/Sphere20K-web-2-1024x576.jpg 1024w, https:\/\/deke.mktdrive.com\/wp-content\/uploads\/2025\/05\/Sphere20K-web-2-768x432.jpg 768w, https:\/\/deke.mktdrive.com\/wp-content\/uploads\/2025\/05\/Sphere20K-web-2-1536x864.jpg 1536w, https:\/\/deke.mktdrive.com\/wp-content\/uploads\/2025\/05\/Sphere20K-web-2-600x338.jpg 600w\" sizes=\"(max-width: 1920px) 100vw, 1920px\" \/>\u00a0<img decoding=\"async\" class=\"alignnone wp-image-4130 size-full\" src=\"https:\/\/deke.mktdrive.com\/wp-content\/uploads\/2025\/05\/Sphere20K-web-6.jpg\" alt=\"\" width=\"1920\" height=\"1080\" srcset=\"https:\/\/deke.mktdrive.com\/wp-content\/uploads\/2025\/05\/Sphere20K-web-6.jpg 1920w, https:\/\/deke.mktdrive.com\/wp-content\/uploads\/2025\/05\/Sphere20K-web-6-300x169.jpg 300w, https:\/\/deke.mktdrive.com\/wp-content\/uploads\/2025\/05\/Sphere20K-web-6-1024x576.jpg 1024w, https:\/\/deke.mktdrive.com\/wp-content\/uploads\/2025\/05\/Sphere20K-web-6-768x432.jpg 768w, https:\/\/deke.mktdrive.com\/wp-content\/uploads\/2025\/05\/Sphere20K-web-6-1536x864.jpg 1536w, https:\/\/deke.mktdrive.com\/wp-content\/uploads\/2025\/05\/Sphere20K-web-6-600x338.jpg 600w\" sizes=\"(max-width: 1920px) 100vw, 1920px\" \/><img loading=\"lazy\" decoding=\"async\" class=\"alignnone wp-image-4129 size-full\" src=\"https:\/\/deke.mktdrive.com\/wp-content\/uploads\/2025\/05\/Sphere20K-web-5.jpg\" alt=\"\" width=\"1920\" height=\"1080\" srcset=\"https:\/\/deke.mktdrive.com\/wp-content\/uploads\/2025\/05\/Sphere20K-web-5.jpg 1920w, https:\/\/deke.mktdrive.com\/wp-content\/uploads\/2025\/05\/Sphere20K-web-5-300x169.jpg 300w, https:\/\/deke.mktdrive.com\/wp-content\/uploads\/2025\/05\/Sphere20K-web-5-1024x576.jpg 1024w, https:\/\/deke.mktdrive.com\/wp-content\/uploads\/2025\/05\/Sphere20K-web-5-768x432.jpg 768w, https:\/\/deke.mktdrive.com\/wp-content\/uploads\/2025\/05\/Sphere20K-web-5-1536x864.jpg 1536w, https:\/\/deke.mktdrive.com\/wp-content\/uploads\/2025\/05\/Sphere20K-web-5-600x338.jpg 600w\" sizes=\"(max-width: 1920px) 100vw, 1920px\" \/><img loading=\"lazy\" decoding=\"async\" class=\"alignnone wp-image-4127 size-full\" src=\"https:\/\/deke.mktdrive.com\/wp-content\/uploads\/2025\/05\/Sphere20K-web-3.jpg\" alt=\"\" width=\"1920\" height=\"1080\" srcset=\"https:\/\/deke.mktdrive.com\/wp-content\/uploads\/2025\/05\/Sphere20K-web-3.jpg 1920w, https:\/\/deke.mktdrive.com\/wp-content\/uploads\/2025\/05\/Sphere20K-web-3-300x169.jpg 300w, https:\/\/deke.mktdrive.com\/wp-content\/uploads\/2025\/05\/Sphere20K-web-3-1024x576.jpg 1024w, https:\/\/deke.mktdrive.com\/wp-content\/uploads\/2025\/05\/Sphere20K-web-3-768x432.jpg 768w, https:\/\/deke.mktdrive.com\/wp-content\/uploads\/2025\/05\/Sphere20K-web-3-1536x864.jpg 1536w, https:\/\/deke.mktdrive.com\/wp-content\/uploads\/2025\/05\/Sphere20K-web-3-600x338.jpg 600w\" sizes=\"(max-width: 1920px) 100vw, 1920px\" \/><img loading=\"lazy\" decoding=\"async\" class=\"alignnone wp-image-4128 size-full\" src=\"https:\/\/deke.mktdrive.com\/wp-content\/uploads\/2025\/05\/Sphere20K-web-4.jpg\" alt=\"\" width=\"1920\" height=\"1080\" srcset=\"https:\/\/deke.mktdrive.com\/wp-content\/uploads\/2025\/05\/Sphere20K-web-4.jpg 1920w, https:\/\/deke.mktdrive.com\/wp-content\/uploads\/2025\/05\/Sphere20K-web-4-300x169.jpg 300w, https:\/\/deke.mktdrive.com\/wp-content\/uploads\/2025\/05\/Sphere20K-web-4-1024x576.jpg 1024w, https:\/\/deke.mktdrive.com\/wp-content\/uploads\/2025\/05\/Sphere20K-web-4-768x432.jpg 768w, https:\/\/deke.mktdrive.com\/wp-content\/uploads\/2025\/05\/Sphere20K-web-4-1536x864.jpg 1536w, https:\/\/deke.mktdrive.com\/wp-content\/uploads\/2025\/05\/Sphere20K-web-4-600x338.jpg 600w\" sizes=\"(max-width: 1920px) 100vw, 1920px\" \/>\u00a0\u00a0\u00a0<img loading=\"lazy\" decoding=\"async\" class=\"alignnone wp-image-4131 size-full\" src=\"https:\/\/deke.mktdrive.com\/wp-content\/uploads\/2025\/05\/Sphere20K-web-9.jpg\" alt=\"\" width=\"1920\" height=\"1080\" srcset=\"https:\/\/deke.mktdrive.com\/wp-content\/uploads\/2025\/05\/Sphere20K-web-9.jpg 1920w, https:\/\/deke.mktdrive.com\/wp-content\/uploads\/2025\/05\/Sphere20K-web-9-300x169.jpg 300w, https:\/\/deke.mktdrive.com\/wp-content\/uploads\/2025\/05\/Sphere20K-web-9-1024x576.jpg 1024w, https:\/\/deke.mktdrive.com\/wp-content\/uploads\/2025\/05\/Sphere20K-web-9-768x432.jpg 768w, https:\/\/deke.mktdrive.com\/wp-content\/uploads\/2025\/05\/Sphere20K-web-9-1536x864.jpg 1536w, https:\/\/deke.mktdrive.com\/wp-content\/uploads\/2025\/05\/Sphere20K-web-9-600x338.jpg 600w\" sizes=\"(max-width: 1920px) 100vw, 1920px\" \/> <img loading=\"lazy\" decoding=\"async\" class=\"alignnone wp-image-4132 size-full\" src=\"https:\/\/deke.mktdrive.com\/wp-content\/uploads\/2025\/05\/Sphere20K-web-10.jpg\" alt=\"\" width=\"1920\" height=\"1080\" srcset=\"https:\/\/deke.mktdrive.com\/wp-content\/uploads\/2025\/05\/Sphere20K-web-10.jpg 1920w, https:\/\/deke.mktdrive.com\/wp-content\/uploads\/2025\/05\/Sphere20K-web-10-300x169.jpg 300w, https:\/\/deke.mktdrive.com\/wp-content\/uploads\/2025\/05\/Sphere20K-web-10-1024x576.jpg 1024w, https:\/\/deke.mktdrive.com\/wp-content\/uploads\/2025\/05\/Sphere20K-web-10-768x432.jpg 768w, https:\/\/deke.mktdrive.com\/wp-content\/uploads\/2025\/05\/Sphere20K-web-10-1536x864.jpg 1536w, https:\/\/deke.mktdrive.com\/wp-content\/uploads\/2025\/05\/Sphere20K-web-10-600x338.jpg 600w\" sizes=\"(max-width: 1920px) 100vw, 1920px\" \/> <img loading=\"lazy\" decoding=\"async\" class=\"alignnone wp-image-4133 size-full\" src=\"https:\/\/deke.mktdrive.com\/wp-content\/uploads\/2025\/05\/Sphere20K-web-11.jpg\" alt=\"\" width=\"1920\" height=\"1080\" srcset=\"https:\/\/deke.mktdrive.com\/wp-content\/uploads\/2025\/05\/Sphere20K-web-11.jpg 1920w, https:\/\/deke.mktdrive.com\/wp-content\/uploads\/2025\/05\/Sphere20K-web-11-300x169.jpg 300w, https:\/\/deke.mktdrive.com\/wp-content\/uploads\/2025\/05\/Sphere20K-web-11-1024x576.jpg 1024w, https:\/\/deke.mktdrive.com\/wp-content\/uploads\/2025\/05\/Sphere20K-web-11-768x432.jpg 768w, https:\/\/deke.mktdrive.com\/wp-content\/uploads\/2025\/05\/Sphere20K-web-11-1536x864.jpg 1536w, https:\/\/deke.mktdrive.com\/wp-content\/uploads\/2025\/05\/Sphere20K-web-11-600x338.jpg 600w\" sizes=\"(max-width: 1920px) 100vw, 1920px\" \/><\/p>","protected":false},"excerpt":{"rendered":"<p>Bis zu 20.000 Puffs<\/p>\n<p>3-Ebene verstellbares Eis &amp; amp; Austauschbarer Pod<\/p>\n<p>Smart Display \/ 10ml \/ 18 Premium Geschmacksoptionen<\/p>\n<p>Dual Mesh \/ 800mAh Batterie<\/p>\n<p>Erh\u00e4ltlich in schwarzen und dunkelgr\u00fcnen Ger\u00e4tefarben<\/p>","protected":false},"featured_media":4197,"comment_status":"closed","ping_status":"closed","template":"","meta":[],"product_brand":[],"product_cat":[23,25],"product_tag":[],"class_list":{"0":"post-493","1":"product","2":"type-product","3":"status-publish","4":"has-post-thumbnail","6":"product_cat-pod-system","7":"product_cat-product","9":"first","10":"instock","11":"shipping-taxable","12":"product-type-simple"},"_links":{"self":[{"href":"https:\/\/deke.mktdrive.com\/de\/wp-json\/wp\/v2\/product\/493","targetHints":{"allow":["GET"]}}],"collection":[{"href":"https:\/\/deke.mktdrive.com\/de\/wp-json\/wp\/v2\/product"}],"about":[{"href":"https:\/\/deke.mktdrive.com\/de\/wp-json\/wp\/v2\/types\/product"}],"replies":[{"embeddable":true,"href":"https:\/\/deke.mktdrive.com\/de\/wp-json\/wp\/v2\/comments?post=493"}],"wp:featuredmedia":[{"embeddable":true,"href":"https:\/\/deke.mktdrive.com\/de\/wp-json\/wp\/v2\/media\/4197"}],"wp:attachment":[{"href":"https:\/\/deke.mktdrive.com\/de\/wp-json\/wp\/v2\/media?parent=493"}],"wp:term":[{"taxonomy":"product_brand","embeddable":true,"href":"https:\/\/deke.mktdrive.com\/de\/wp-json\/wp\/v2\/product_brand?post=493"},{"taxonomy":"product_cat","embeddable":true,"href":"https:\/\/deke.mktdrive.com\/de\/wp-json\/wp\/v2\/product_cat?post=493"},{"taxonomy":"product_tag","embeddable":true,"href":"https:\/\/deke.mktdrive.com\/de\/wp-json\/wp\/v2\/product_tag?post=493"}],"curies":[{"name":"wp","href":"https:\/\/api.w.org\/{rel}","templated":true}]}}