{"id":418,"date":"2025-05-19T10:26:05","date_gmt":"2025-05-19T02:26:05","guid":{"rendered":"http:\/\/deke.mktdrive.com%20\/?post_type=product&#038;p=418"},"modified":"2025-12-26T10:13:03","modified_gmt":"2025-12-26T02:13:03","slug":"eco-s","status":"publish","type":"product","link":"https:\/\/deke.mktdrive.com\/es\/product\/eco-s\/","title":{"rendered":"Wafoo ECO S Kit de c\u00e1psula recargable"},"content":{"rendered":"<h3 style=\"text-align: center;\"><span style=\"font-size: 24pt;\"><strong>Caracter\u00edsticas del producto<\/strong><\/span><\/h3>\n<p><span style=\"font-size: 14pt;\">Potencia duradera, confianza todo el d\u00eda:\u00a0<\/span><span style=\"font-size: 14pt;\">Una bater\u00eda interna robusta de 1300mAh combinada con una carga r\u00e1pida eficiente Tipo C garantiza un rendimiento fiable durante todo el d\u00eda. Esta es la promesa de Wafoo para un dispositivo de vapeo confiable.<\/span><\/p>\n<p><span style=\"font-size: 14pt;\">Flexibilidad de doble c\u00e1psula, f\u00e1cil de rellenar: cuenta con un tanque de c\u00e1psula rellenable transparente de 2,0 ml, compatible con sistemas abiertos y cerrados. El dise\u00f1o de llenado lateral hace que agregar su l\u00edquido favorito de vaina o l\u00edquido de cigarrillo electr\u00f3nico sea sencillo y limpio.<\/span><\/p>\n<p><span style=\"font-size: 14pt;\">Control preciso, su dibujo perfecto: Ofrece un amplio rango de potencia de 15W a 30W con incrementos de 0,5W y flujo de aire ajustable. Ajuste su experiencia para nubes masivas o un empate apretado, haciendo que este sistema de c\u00e1psula recargable sea incre\u00edblemente vers\u00e1til.<\/span><\/p>\n<p><span style=\"font-size: 14pt;\">Construcci\u00f3n duradera, pantalla clara: alojamiento en un marco met\u00e1lico texturizado para la resistencia y el estilo. Una pantalla a color TFT de 1,47 pulgadas muestra claramente el rendimiento, el nivel de la bater\u00eda y m\u00e1s, lo que le da el control total de su dispositivo pod.<\/span><\/p>\n<p><img fetchpriority=\"high\" decoding=\"async\" class=\"alignnone wp-image-4249 size-full\" src=\"https:\/\/deke.mktdrive.com\/wp-content\/uploads\/2025\/05\/10080-.jpg\" alt=\"\" width=\"1920\" height=\"1080\" srcset=\"https:\/\/deke.mktdrive.com\/wp-content\/uploads\/2025\/05\/10080-.jpg 1920w, https:\/\/deke.mktdrive.com\/wp-content\/uploads\/2025\/05\/10080--300x169.jpg 300w, https:\/\/deke.mktdrive.com\/wp-content\/uploads\/2025\/05\/10080--1024x576.jpg 1024w, https:\/\/deke.mktdrive.com\/wp-content\/uploads\/2025\/05\/10080--768x432.jpg 768w, https:\/\/deke.mktdrive.com\/wp-content\/uploads\/2025\/05\/10080--1536x864.jpg 1536w, https:\/\/deke.mktdrive.com\/wp-content\/uploads\/2025\/05\/10080--600x338.jpg 600w\" sizes=\"(max-width: 1920px) 100vw, 1920px\" \/> <img decoding=\"async\" class=\"alignnone wp-image-4250 size-full\" src=\"https:\/\/deke.mktdrive.com\/wp-content\/uploads\/2025\/05\/10080-1.jpg\" alt=\"\" width=\"1920\" height=\"1080\" srcset=\"https:\/\/deke.mktdrive.com\/wp-content\/uploads\/2025\/05\/10080-1.jpg 1920w, https:\/\/deke.mktdrive.com\/wp-content\/uploads\/2025\/05\/10080-1-300x169.jpg 300w, https:\/\/deke.mktdrive.com\/wp-content\/uploads\/2025\/05\/10080-1-1024x576.jpg 1024w, https:\/\/deke.mktdrive.com\/wp-content\/uploads\/2025\/05\/10080-1-768x432.jpg 768w, https:\/\/deke.mktdrive.com\/wp-content\/uploads\/2025\/05\/10080-1-1536x864.jpg 1536w, https:\/\/deke.mktdrive.com\/wp-content\/uploads\/2025\/05\/10080-1-600x338.jpg 600w\" sizes=\"(max-width: 1920px) 100vw, 1920px\" \/><\/p>\n<h3 style=\"text-align: center;\"><span style=\"font-size: 24pt;\"><strong>Tabla de especificaciones detalladas<\/strong><\/span><\/h3>\n<table class=\"aligncenter\" style=\"width: 43.0396%; height: 588px;\">\n<tbody>\n<tr style=\"height: 56px;\">\n<td style=\"width: 36.9863%; height: 56px;\" width=\"210\"><span style=\"font-size: 14pt;\">Caracter\u00edsticas<\/span><\/td>\n<td style=\"width: 60.6237%; height: 56px;\" width=\"352\"><span style=\"font-size: 14pt;\">Especificaci\u00f3n<\/span><\/td>\n<\/tr>\n<tr style=\"height: 56px;\">\n<td style=\"width: 36.9863%; height: 56px;\" width=\"210\"><span style=\"font-size: 14pt;\">Tipo de dispositivo<\/span><\/td>\n<td style=\"width: 60.6237%; height: 56px;\" width=\"352\"><span style=\"font-size: 14pt;\">Kit \/ Sistema de Pod recargable<\/span><\/td>\n<\/tr>\n<tr style=\"height: 56px;\">\n<td style=\"width: 36.9863%; height: 56px;\" width=\"210\"><span style=\"font-size: 14pt;\">Capacidad Pod<\/span><\/td>\n<td style=\"width: 60.6237%; height: 56px;\" width=\"352\"><span style=\"font-size: 14pt;\">2.0ml (tanque transparente)<\/span><\/td>\n<\/tr>\n<tr style=\"height: 84px;\">\n<td style=\"width: 36.9863%; height: 84px;\" width=\"210\"><span style=\"font-size: 14pt;\">Tipo de Pod<\/span><\/td>\n<td style=\"width: 60.6237%; height: 84px;\" width=\"352\"><span style=\"font-size: 14pt;\">Pod recargable (compatible con el sistema abierto\/cerrado)<\/span><\/td>\n<\/tr>\n<tr style=\"height: 56px;\">\n<td style=\"width: 36.9863%; height: 56px;\" width=\"210\"><span style=\"font-size: 14pt;\">Capacidad de la bater\u00eda<\/span><\/td>\n<td style=\"width: 60.6237%; height: 56px;\" width=\"352\"><span style=\"font-size: 14pt;\">1300mAh (incorporado)<\/span><\/td>\n<\/tr>\n<tr style=\"height: 56px;\">\n<td style=\"width: 36.9863%; height: 56px;\" width=\"210\"><span style=\"font-size: 14pt;\">Puerto de carga<\/span><\/td>\n<td style=\"width: 60.6237%; height: 56px;\" width=\"352\"><span style=\"font-size: 14pt;\">Tipo C<\/span><\/td>\n<\/tr>\n<tr style=\"height: 56px;\">\n<td style=\"width: 36.9863%; height: 56px;\" width=\"210\"><span style=\"font-size: 14pt;\">Rango de potencia<\/span><\/td>\n<td style=\"width: 60.6237%; height: 56px;\" width=\"352\"><span style=\"font-size: 14pt;\">15W &#8211; 30W (ajustable en pasos de 0,5W)<\/span><\/td>\n<\/tr>\n<tr style=\"height: 56px;\">\n<td style=\"width: 36.9863%; height: 56px;\" width=\"210\"><span style=\"font-size: 14pt;\">Mostrar<\/span><\/td>\n<td style=\"width: 60.6237%; height: 56px;\" width=\"352\"><span style=\"font-size: 14pt;\">Pantalla de color TFT de 1,47 pulgadas<\/span><\/td>\n<\/tr>\n<tr style=\"height: 56px;\">\n<td style=\"width: 36.9863%; height: 56px;\" width=\"210\"><span style=\"font-size: 14pt;\">Control del flujo de aire<\/span><\/td>\n<td style=\"width: 60.6237%; height: 56px;\" width=\"352\"><span style=\"font-size: 14pt;\">Ajustable<\/span><\/td>\n<\/tr>\n<tr style=\"height: 56px;\">\n<td style=\"width: 36.9863%; height: 56px;\" width=\"210\"><span style=\"font-size: 14pt;\">M\u00e9todo de recarga<\/span><\/td>\n<td style=\"width: 60.6237%; height: 56px;\" width=\"352\"><span style=\"font-size: 14pt;\">Dise\u00f1o de llenado lateral<\/span><\/td>\n<\/tr>\n<\/tbody>\n<\/table>\n<p>&nbsp;<\/p>\n<p>&nbsp;<\/p>\n<p><img decoding=\"async\" class=\"alignnone wp-image-4251 size-full\" src=\"https:\/\/deke.mktdrive.com\/wp-content\/uploads\/2025\/05\/10080-2.jpg\" alt=\"\" width=\"1920\" height=\"1080\" srcset=\"https:\/\/deke.mktdrive.com\/wp-content\/uploads\/2025\/05\/10080-2.jpg 1920w, https:\/\/deke.mktdrive.com\/wp-content\/uploads\/2025\/05\/10080-2-300x169.jpg 300w, https:\/\/deke.mktdrive.com\/wp-content\/uploads\/2025\/05\/10080-2-1024x576.jpg 1024w, https:\/\/deke.mktdrive.com\/wp-content\/uploads\/2025\/05\/10080-2-768x432.jpg 768w, https:\/\/deke.mktdrive.com\/wp-content\/uploads\/2025\/05\/10080-2-1536x864.jpg 1536w, https:\/\/deke.mktdrive.com\/wp-content\/uploads\/2025\/05\/10080-2-600x338.jpg 600w\" sizes=\"(max-width: 1920px) 100vw, 1920px\" \/><\/p>\n<p style=\"text-align: center;\"><strong><span style=\"font-size: 24pt;\">Elija Wafoo, Elija la experiencia &amp; Soporte<\/span><\/strong><\/p>\n<p><span style=\"font-size: 14pt;\">En Wafoo, nos especializamos en el desarrollo de dispositivos de vapeo de alta calidad e innovadores y sistemas de c\u00e1psulas. Entendemos que los grandes l\u00edquidos de cigarrillos electr\u00f3nicos y l\u00edquidos de vainas merecen un dispositivo excepcional para ofrecer todo su potencial. Desde dispositivos avanzados de vainas recargables hasta c\u00f3modas vainas desechables, nuestra gama de productos est\u00e1 dise\u00f1ada para satisfacer diversas preferencias a nivel mundial.<\/span><\/p>\n<p>&nbsp;<\/p>\n<p style=\"text-align: center;\"><span style=\"font-size: 24pt;\"><strong><b>Preguntas frecuentes<\/b><\/strong><\/span><\/p>\n<p><strong><span style=\"font-size: 14pt;\">P: \u00bfQu\u00e9 tipos de l\u00edquido para cigarrillos electr\u00f3nicos funcionan mejor con el Wafoo ECO S?<\/span><\/strong><\/p>\n<p><span style=\"font-size: 14pt;\">R: Como dispositivo de c\u00e1psula recargable, el ECO S es compatible con la mayor\u00eda de los l\u00edquidos de c\u00e1psula comunes. Para un rendimiento y sabor \u00f3ptimos de este sistema de c\u00e1psulas, recomendamos usar e-l\u00edquidos de sal de nicotina.<\/span><\/p>\n<p><strong><span style=\"font-size: 14pt;\">P: \u00bfC\u00f3mo mantengo mi kit de c\u00e1psula recargable?<\/span><\/strong><\/p>\n<p><span style=\"font-size: 14pt;\">R: Para su c\u00e1psula recargable, aseg\u00farese de que la bobina est\u00e9 cebada con l\u00edquido de c\u00e1psula antes de su primer uso. Limpia los contactos y la cavidad de la c\u00e1psula peri\u00f3dicamente con un hisopo de algod\u00f3n seco para obtener el mejor rendimiento de tu dispositivo de vapeo.<\/span><\/p>","protected":false},"excerpt":{"rendered":"<p>Experimente el kit de c\u00e1psula recargable Wafoo ECO S: bater\u00eda de 1300mAh, potencia ajustable de 15-30W, compatibilidad con c\u00e1psula abierta\/cerrada. Dise\u00f1ado para sabor y control. Obtener detalles &amp; precios.<\/p>","protected":false},"featured_media":4248,"comment_status":"closed","ping_status":"closed","template":"","meta":[],"product_brand":[],"product_cat":[23,25],"product_tag":[],"class_list":{"0":"post-418","1":"product","2":"type-product","3":"status-publish","4":"has-post-thumbnail","6":"product_cat-pod-system","7":"product_cat-product","9":"first","10":"instock","11":"shipping-taxable","12":"product-type-simple"},"_links":{"self":[{"href":"https:\/\/deke.mktdrive.com\/es\/wp-json\/wp\/v2\/product\/418","targetHints":{"allow":["GET"]}}],"collection":[{"href":"https:\/\/deke.mktdrive.com\/es\/wp-json\/wp\/v2\/product"}],"about":[{"href":"https:\/\/deke.mktdrive.com\/es\/wp-json\/wp\/v2\/types\/product"}],"replies":[{"embeddable":true,"href":"https:\/\/deke.mktdrive.com\/es\/wp-json\/wp\/v2\/comments?post=418"}],"wp:featuredmedia":[{"embeddable":true,"href":"https:\/\/deke.mktdrive.com\/es\/wp-json\/wp\/v2\/media\/4248"}],"wp:attachment":[{"href":"https:\/\/deke.mktdrive.com\/es\/wp-json\/wp\/v2\/media?parent=418"}],"wp:term":[{"taxonomy":"product_brand","embeddable":true,"href":"https:\/\/deke.mktdrive.com\/es\/wp-json\/wp\/v2\/product_brand?post=418"},{"taxonomy":"product_cat","embeddable":true,"href":"https:\/\/deke.mktdrive.com\/es\/wp-json\/wp\/v2\/product_cat?post=418"},{"taxonomy":"product_tag","embeddable":true,"href":"https:\/\/deke.mktdrive.com\/es\/wp-json\/wp\/v2\/product_tag?post=418"}],"curies":[{"name":"wp","href":"https:\/\/api.w.org\/{rel}","templated":true}]}}