{"id":426,"date":"2025-05-19T10:33:23","date_gmt":"2025-05-19T02:33:23","guid":{"rendered":"http:\/\/deke.mktdrive.com%20\/?post_type=product&#038;p=426"},"modified":"2026-04-10T10:56:00","modified_gmt":"2026-04-10T02:56:00","slug":"s-30k","status":"publish","type":"product","link":"https:\/\/deke.mktdrive.com\/es\/product\/s-30k\/","title":{"rendered":"Wafoo S 30K Smart Bluetooth Vape desechable | Tel\u00e9fono conectado"},"content":{"rendered":"<p style=\"text-align: center;\"><span style=\"font-size: 24pt;\"><strong><b>Por qu\u00e9&#8217; es una mejor opci\u00f3n:<\/b><\/strong><\/span><\/p>\n<p><span style=\"font-size: 14pt;\">Uso de larga duraci\u00f3n:\u00a0<\/span><\/p>\n<p><span style=\"font-size: 14pt;\">Con 25 ml de jugo l\u00edquido dentro, se&#8217; s construidos para entregar hasta 30.000 puffs. Obt\u00e9n un uso extendido desde un \u00fanico dispositivo de vapeo compacto.<\/span><\/p>\n<p><span style=\"font-size: 14pt;\">Tecnolog\u00eda de sabor superior:\u00a0<\/span><\/p>\n<p><span style=\"font-size: 14pt;\">Utilizamos bobinas de malla doble para calentar nuestras mezclas de sabores de jugo premium. Esto le da un sabor m\u00e1s suave y consistente con cada soplo, mostrando los mejores sabores de vapeo.<\/span><\/p>\n<p><span style=\"font-size: 14pt;\">Inteligente y Interactivo:\u00a0<\/span><\/p>\n<p><span style=\"font-size: 14pt;\">Va m\u00e1s all\u00e1 del vapeo. Este dispositivo permite la transmisi\u00f3n de m\u00fasica en vivo, incluye juegos sencillos e incluso puede manejar llamadas entrantes, lo que lo convierte en un producto verdaderamente multifuncional.<\/span><\/p>\n<p><span style=\"font-size: 14pt;\">Informaci\u00f3n clara:\u00a0<\/span><\/p>\n<p><span style=\"font-size: 14pt;\">Una pantalla inteligente muestra su nivel de bater\u00eda y el recuento de puff, por lo que &#8217; Siempre informado.<\/span><\/p>\n<p>&nbsp;<\/p>\n<p><img fetchpriority=\"high\" decoding=\"async\" class=\"alignnone wp-image-4223 size-full\" src=\"https:\/\/deke.mktdrive.com\/wp-content\/uploads\/2025\/05\/S30K61-1.jpg\" alt=\"\" width=\"1920\" height=\"1080\" srcset=\"https:\/\/deke.mktdrive.com\/wp-content\/uploads\/2025\/05\/S30K61-1.jpg 1920w, https:\/\/deke.mktdrive.com\/wp-content\/uploads\/2025\/05\/S30K61-1-300x169.jpg 300w, https:\/\/deke.mktdrive.com\/wp-content\/uploads\/2025\/05\/S30K61-1-1024x576.jpg 1024w, https:\/\/deke.mktdrive.com\/wp-content\/uploads\/2025\/05\/S30K61-1-768x432.jpg 768w, https:\/\/deke.mktdrive.com\/wp-content\/uploads\/2025\/05\/S30K61-1-1536x864.jpg 1536w, https:\/\/deke.mktdrive.com\/wp-content\/uploads\/2025\/05\/S30K61-1-600x338.jpg 600w\" sizes=\"(max-width: 1920px) 100vw, 1920px\" \/><\/p>\n<h3 style=\"text-align: center;\"><span style=\"font-size: 24pt;\"><strong>Informaci\u00f3n detallada del producto<\/strong><\/span><\/h3>\n<p><span style=\"font-size: 14pt;\"> M\u00e1s inteligente con Bluetooth<\/span><\/p>\n<p><span style=\"font-size: 14pt;\">Wafoo dise\u00f1\u00f3 el S 30K para destacarse. Al agregar conectividad Bluetooth estable, nosotros&#8217; hemos convertido un simple subsistema desechable en un gadget interactivo. Es este enfoque en las caracter\u00edsticas inteligentes lo que hace que muchos usuarios la consideren una de las mejores opciones desechables disponibles.<\/span><\/p>\n<p><span style=\"font-size: 14pt;\"> Dise\u00f1ado para el rendimiento y el sabor<\/span><\/p>\n<p><span style=\"font-size: 14pt;\">La base de un gran dispositivo de vapeo es un rendimiento fiable. El S 30K combina una bater\u00eda de alta capacidad con un generoso tanque de 25 ml de nuestro l\u00edquido de jugo de firma. El Dual Meshcoil es crucial: asegura que el e-l\u00edquido se vaporiza uniformemente, lo que es clave para desbloquear el perfil completo de su gama de sabores desechables. Desde frutas heladas hasta postres ricos, el sabor es claro y satisfactorio.<\/span><\/p>\n<p><span style=\"font-size: 14pt;\">Un sabor y estilo para todos<\/span><\/p>\n<p><span style=\"font-size: 14pt;\">La elecci\u00f3n es importante. Eso&#8217; es por qu\u00e9 el WafooS 30K viene en varios sabores de vaporizadores desechables. Si prefiere mezclas de bayas picantes, mentol fresco o tabaco cl\u00e1sico, hay&#8217; es un sabor de jugo para ti. El dispositivo en s\u00ed mismo tambi\u00e9n est\u00e1 disponible en varios colores modernos para coincidir con su estilo.<\/span><\/p>\n<p><span style=\"font-size: 14pt;\">Servicio incomparable &amp; Soporte<\/span><\/p>\n<p><span style=\"font-size: 14pt;\">Elegir Wafoo significa obtener soporte integral. Ofrecemos un servicio \u00fanico desde la consulta de productos y la compra a granel hasta el soporte posventa. Nuestro objetivo es crecer junto con socios globales proporcionando las mejores soluciones de productos desechables competitivas.<\/span><\/p>\n<p>&nbsp;<\/p>\n<p><img decoding=\"async\" class=\"alignnone wp-image-4186 size-full\" src=\"https:\/\/deke.mktdrive.com\/wp-content\/uploads\/2025\/05\/S30K62.jpg\" alt=\"\" width=\"1920\" height=\"1080\" srcset=\"https:\/\/deke.mktdrive.com\/wp-content\/uploads\/2025\/05\/S30K62.jpg 1920w, https:\/\/deke.mktdrive.com\/wp-content\/uploads\/2025\/05\/S30K62-300x169.jpg 300w, https:\/\/deke.mktdrive.com\/wp-content\/uploads\/2025\/05\/S30K62-1024x576.jpg 1024w, https:\/\/deke.mktdrive.com\/wp-content\/uploads\/2025\/05\/S30K62-768x432.jpg 768w, https:\/\/deke.mktdrive.com\/wp-content\/uploads\/2025\/05\/S30K62-1536x864.jpg 1536w, https:\/\/deke.mktdrive.com\/wp-content\/uploads\/2025\/05\/S30K62-600x338.jpg 600w\" sizes=\"(max-width: 1920px) 100vw, 1920px\" \/><\/p>\n<p style=\"text-align: center;\"><span style=\"font-size: 24pt;\"><strong>Preguntas frecuentes<\/strong><\/span><\/p>\n<p><span style=\"font-size: 14pt;\">Q1: \u00bfEl vape desechable Wafoo S 30K realmente se conecta a un tel\u00e9fono?  \u00bfQu\u00e9 puede hacer?<\/span><\/p>\n<p><span style=\"font-size: 14pt;\">S\u00ed, esta es la innovaci\u00f3n principal del S 30K. A trav\u00e9s de Bluetooth, este dispositivo de vapeo desechable multifuncional permite transmitir m\u00fasica en vivo, jugar minijuegos integrados e incluso responder llamadas, enriqueciendo en gran medida la experiencia desechable tradicional de los cigarrillos electr\u00f3nicos.<\/span><\/p>\n<p><span style=\"font-size: 14pt;\">Q2: \u00bfQu\u00e9 sabores est\u00e1n disponibles para el S 30K?<\/span><\/p>\n<p><span style=\"font-size: 14pt;\">Wafoo ofrece una amplia selecci\u00f3n de sabores de vapeo para el S 30K. Nuestro jugo l\u00edquido viene en opciones populares como bayas mezcladas, mango fresco, hielo de manzana crujiente y tabaco liso. Actualizamos regularmente nuestros sabores de vaporizadores desechables en funci\u00f3n de las tendencias del mercado.<\/span><\/p>\n<p><span style=\"font-size: 14pt;\">Q3: Lo que&#8217; s la diferencia entre Wafoo&#8217; s desechables y sistemas de pod?<\/span><\/p>\n<p><span style=\"font-size: 14pt;\">Wafoo ofrece diferentes tipos de dispositivo de vapeo para satisfacer diversas necesidades. Nuestros desechables, como el S 30K, est\u00e1n precargados y totalmente libres de mantenimiento, us\u00e1ndolos hasta que &#8217; s hecho. Nuestros vaporizadores recargables o sistemas de c\u00e1psulas, como la serie ECO, tienen un dispositivo de bater\u00eda reutilizable y c\u00e1psulas desechables intercambiables (cartuchos) que se pueden intercambiar para cambiar el sabor del jugo. Ambos son excelentes; La elecci\u00f3n depende de si prefiere la m\u00e1xima comodidad o la flexibilidad para cambiar de sabores con m\u00e1s frecuencia.<\/span><\/p>\n<p>&nbsp;<\/p>","protected":false},"excerpt":{"rendered":"<p>Conoce el Wafoo S 30K, un dispositivo de vapeo desechable inteligente con Bluetooth para m\u00fasica, juegos y llamadas. Contiene 25 ml de jugo l\u00edquido para hasta 30.000 puffs y utiliza doble malla para grandes sabores de vapeo.<\/p>\n<p>&nbsp;<\/p>","protected":false},"featured_media":4172,"comment_status":"closed","ping_status":"closed","template":"","meta":[],"product_brand":[],"product_cat":[15,25],"product_tag":[],"class_list":{"0":"post-426","1":"product","2":"type-product","3":"status-publish","4":"has-post-thumbnail","6":"product_cat-disposable","7":"product_cat-product","9":"first","10":"instock","11":"shipping-taxable","12":"product-type-simple"},"_links":{"self":[{"href":"https:\/\/deke.mktdrive.com\/es\/wp-json\/wp\/v2\/product\/426","targetHints":{"allow":["GET"]}}],"collection":[{"href":"https:\/\/deke.mktdrive.com\/es\/wp-json\/wp\/v2\/product"}],"about":[{"href":"https:\/\/deke.mktdrive.com\/es\/wp-json\/wp\/v2\/types\/product"}],"replies":[{"embeddable":true,"href":"https:\/\/deke.mktdrive.com\/es\/wp-json\/wp\/v2\/comments?post=426"}],"wp:featuredmedia":[{"embeddable":true,"href":"https:\/\/deke.mktdrive.com\/es\/wp-json\/wp\/v2\/media\/4172"}],"wp:attachment":[{"href":"https:\/\/deke.mktdrive.com\/es\/wp-json\/wp\/v2\/media?parent=426"}],"wp:term":[{"taxonomy":"product_brand","embeddable":true,"href":"https:\/\/deke.mktdrive.com\/es\/wp-json\/wp\/v2\/product_brand?post=426"},{"taxonomy":"product_cat","embeddable":true,"href":"https:\/\/deke.mktdrive.com\/es\/wp-json\/wp\/v2\/product_cat?post=426"},{"taxonomy":"product_tag","embeddable":true,"href":"https:\/\/deke.mktdrive.com\/es\/wp-json\/wp\/v2\/product_tag?post=426"}],"curies":[{"name":"wp","href":"https:\/\/api.w.org\/{rel}","templated":true}]}}