{"id":5446,"date":"2026-04-10T10:31:08","date_gmt":"2026-04-10T02:31:08","guid":{"rendered":"https:\/\/deke.mktdrive.com\/?post_type=product&#038;p=5446"},"modified":"2026-04-13T14:10:08","modified_gmt":"2026-04-13T06:10:08","slug":"eco-plus","status":"publish","type":"product","link":"https:\/\/deke.mktdrive.com\/es\/product\/eco-plus\/","title":{"rendered":"Eco m\u00e1s"},"content":{"rendered":"<p style=\"text-align: center;\"><strong><span style=\"font-size: 36pt;\">Eco m\u00e1s<\/span><\/strong><\/p>\n<p>(1) Claridad pura, mejor sabor, disfrute plenamente (2) bobina de malla doble: maestr\u00eda de sabor cada vez (3) tanque transparente recallable, banco de potencia<\/p>\n<p>(4) 300 mAh 850 mAh Bater\u00eda &#8211; Vida \u00fatil de la bater\u00eda (5)Tanque transparente recargable de 15 ml (6)Dos modos, un bot\u00f3n, disfruta de los \u00faltimos golpes<\/p>\n<p>(7) MOUTHPIECE DE DISE\u00d1O ERGONOM\u00cdCO &#8211; C\u00f3modo y redondeado<\/p>\n<p>(8)Flavor List:<\/p>\n<p>1)Sour Apple Ice\u00a0 \u00a0 2 )Strawberry Ice\u00a0 \u00a0 3)Miami Mint\u00a0 \u00a0 4)Strawberry Banana\u00a0 \u00a0 5)Kiwi Dragon\u00a0 \u00a0 6)Gummy Bear\u00a0 \u00a0 7)Strawberry Watermelon\u00a0 \u00a0 8)Blue Razz Ice<\/p>\n<p><img fetchpriority=\"high\" decoding=\"async\" class=\"aligncenter size-full wp-image-5515\" src=\"https:\/\/deke.mktdrive.com\/wp-content\/uploads\/2026\/04\/P10126\u900f\u660e_01-2.jpg\" alt=\"\" width=\"1920\" height=\"1082\" srcset=\"https:\/\/deke.mktdrive.com\/wp-content\/uploads\/2026\/04\/P10126\u900f\u660e_01-2.jpg 1920w, https:\/\/deke.mktdrive.com\/wp-content\/uploads\/2026\/04\/P10126\u900f\u660e_01-2-300x169.jpg 300w, https:\/\/deke.mktdrive.com\/wp-content\/uploads\/2026\/04\/P10126\u900f\u660e_01-2-1024x577.jpg 1024w, https:\/\/deke.mktdrive.com\/wp-content\/uploads\/2026\/04\/P10126\u900f\u660e_01-2-768x433.jpg 768w, https:\/\/deke.mktdrive.com\/wp-content\/uploads\/2026\/04\/P10126\u900f\u660e_01-2-1536x866.jpg 1536w, https:\/\/deke.mktdrive.com\/wp-content\/uploads\/2026\/04\/P10126\u900f\u660e_01-2-18x10.jpg 18w, https:\/\/deke.mktdrive.com\/wp-content\/uploads\/2026\/04\/P10126\u900f\u660e_01-2-600x338.jpg 600w\" sizes=\"(max-width: 1920px) 100vw, 1920px\" \/><\/p>\n<p><img decoding=\"async\" class=\"aligncenter size-full wp-image-5514\" src=\"https:\/\/deke.mktdrive.com\/wp-content\/uploads\/2026\/04\/ecp1-1.jpg\" alt=\"\" width=\"1920\" height=\"1080\" srcset=\"https:\/\/deke.mktdrive.com\/wp-content\/uploads\/2026\/04\/ecp1-1.jpg 1920w, https:\/\/deke.mktdrive.com\/wp-content\/uploads\/2026\/04\/ecp1-1-300x169.jpg 300w, https:\/\/deke.mktdrive.com\/wp-content\/uploads\/2026\/04\/ecp1-1-1024x576.jpg 1024w, https:\/\/deke.mktdrive.com\/wp-content\/uploads\/2026\/04\/ecp1-1-768x432.jpg 768w, https:\/\/deke.mktdrive.com\/wp-content\/uploads\/2026\/04\/ecp1-1-1536x864.jpg 1536w, https:\/\/deke.mktdrive.com\/wp-content\/uploads\/2026\/04\/ecp1-1-18x10.jpg 18w, https:\/\/deke.mktdrive.com\/wp-content\/uploads\/2026\/04\/ecp1-1-600x338.jpg 600w\" sizes=\"(max-width: 1920px) 100vw, 1920px\" \/><strong><span style=\"font-size: 36pt;\"><img decoding=\"async\" class=\"aligncenter size-full wp-image-5519\" src=\"https:\/\/deke.mktdrive.com\/wp-content\/uploads\/2026\/04\/P10126\u900f\u660e_06-2.jpg\" alt=\"\" width=\"1920\" height=\"1080\" srcset=\"https:\/\/deke.mktdrive.com\/wp-content\/uploads\/2026\/04\/P10126\u900f\u660e_06-2.jpg 1920w, https:\/\/deke.mktdrive.com\/wp-content\/uploads\/2026\/04\/P10126\u900f\u660e_06-2-300x169.jpg 300w, https:\/\/deke.mktdrive.com\/wp-content\/uploads\/2026\/04\/P10126\u900f\u660e_06-2-1024x576.jpg 1024w, https:\/\/deke.mktdrive.com\/wp-content\/uploads\/2026\/04\/P10126\u900f\u660e_06-2-768x432.jpg 768w, https:\/\/deke.mktdrive.com\/wp-content\/uploads\/2026\/04\/P10126\u900f\u660e_06-2-1536x864.jpg 1536w, https:\/\/deke.mktdrive.com\/wp-content\/uploads\/2026\/04\/P10126\u900f\u660e_06-2-18x10.jpg 18w, https:\/\/deke.mktdrive.com\/wp-content\/uploads\/2026\/04\/P10126\u900f\u660e_06-2-600x338.jpg 600w\" sizes=\"(max-width: 1920px) 100vw, 1920px\" \/><\/span><\/strong><img loading=\"lazy\" decoding=\"async\" class=\"aligncenter size-full wp-image-5516\" src=\"https:\/\/deke.mktdrive.com\/wp-content\/uploads\/2026\/04\/P10126\u900f\u660e_03-2.jpg\" alt=\"\" width=\"1920\" height=\"1076\" srcset=\"https:\/\/deke.mktdrive.com\/wp-content\/uploads\/2026\/04\/P10126\u900f\u660e_03-2.jpg 1920w, https:\/\/deke.mktdrive.com\/wp-content\/uploads\/2026\/04\/P10126\u900f\u660e_03-2-300x168.jpg 300w, https:\/\/deke.mktdrive.com\/wp-content\/uploads\/2026\/04\/P10126\u900f\u660e_03-2-1024x574.jpg 1024w, https:\/\/deke.mktdrive.com\/wp-content\/uploads\/2026\/04\/P10126\u900f\u660e_03-2-768x430.jpg 768w, https:\/\/deke.mktdrive.com\/wp-content\/uploads\/2026\/04\/P10126\u900f\u660e_03-2-1536x861.jpg 1536w, https:\/\/deke.mktdrive.com\/wp-content\/uploads\/2026\/04\/P10126\u900f\u660e_03-2-18x10.jpg 18w, https:\/\/deke.mktdrive.com\/wp-content\/uploads\/2026\/04\/P10126\u900f\u660e_03-2-600x336.jpg 600w\" sizes=\"(max-width: 1920px) 100vw, 1920px\" \/><img loading=\"lazy\" decoding=\"async\" class=\"aligncenter size-full wp-image-5503\" src=\"https:\/\/deke.mktdrive.com\/wp-content\/uploads\/2026\/04\/P10126\u900f\u660e_04-1.jpg\" alt=\"\" width=\"1920\" height=\"1080\" srcset=\"https:\/\/deke.mktdrive.com\/wp-content\/uploads\/2026\/04\/P10126\u900f\u660e_04-1.jpg 1920w, https:\/\/deke.mktdrive.com\/wp-content\/uploads\/2026\/04\/P10126\u900f\u660e_04-1-300x169.jpg 300w, https:\/\/deke.mktdrive.com\/wp-content\/uploads\/2026\/04\/P10126\u900f\u660e_04-1-1024x576.jpg 1024w, https:\/\/deke.mktdrive.com\/wp-content\/uploads\/2026\/04\/P10126\u900f\u660e_04-1-768x432.jpg 768w, https:\/\/deke.mktdrive.com\/wp-content\/uploads\/2026\/04\/P10126\u900f\u660e_04-1-1536x864.jpg 1536w, https:\/\/deke.mktdrive.com\/wp-content\/uploads\/2026\/04\/P10126\u900f\u660e_04-1-18x10.jpg 18w, https:\/\/deke.mktdrive.com\/wp-content\/uploads\/2026\/04\/P10126\u900f\u660e_04-1-600x338.jpg 600w\" sizes=\"(max-width: 1920px) 100vw, 1920px\" \/> <img loading=\"lazy\" decoding=\"async\" class=\"aligncenter size-full wp-image-5504\" src=\"https:\/\/deke.mktdrive.com\/wp-content\/uploads\/2026\/04\/P10126\u900f\u660e_05-1.jpg\" alt=\"\" width=\"1920\" height=\"1080\" srcset=\"https:\/\/deke.mktdrive.com\/wp-content\/uploads\/2026\/04\/P10126\u900f\u660e_05-1.jpg 1920w, https:\/\/deke.mktdrive.com\/wp-content\/uploads\/2026\/04\/P10126\u900f\u660e_05-1-300x169.jpg 300w, https:\/\/deke.mktdrive.com\/wp-content\/uploads\/2026\/04\/P10126\u900f\u660e_05-1-1024x576.jpg 1024w, https:\/\/deke.mktdrive.com\/wp-content\/uploads\/2026\/04\/P10126\u900f\u660e_05-1-768x432.jpg 768w, https:\/\/deke.mktdrive.com\/wp-content\/uploads\/2026\/04\/P10126\u900f\u660e_05-1-1536x864.jpg 1536w, https:\/\/deke.mktdrive.com\/wp-content\/uploads\/2026\/04\/P10126\u900f\u660e_05-1-18x10.jpg 18w, https:\/\/deke.mktdrive.com\/wp-content\/uploads\/2026\/04\/P10126\u900f\u660e_05-1-600x338.jpg 600w\" sizes=\"(max-width: 1920px) 100vw, 1920px\" \/> <img loading=\"lazy\" decoding=\"async\" class=\"aligncenter size-full wp-image-5518\" src=\"https:\/\/deke.mktdrive.com\/wp-content\/uploads\/2026\/04\/P10126\u900f\u660e_07-2.jpg\" alt=\"\" width=\"1920\" height=\"1080\" srcset=\"https:\/\/deke.mktdrive.com\/wp-content\/uploads\/2026\/04\/P10126\u900f\u660e_07-2.jpg 1920w, https:\/\/deke.mktdrive.com\/wp-content\/uploads\/2026\/04\/P10126\u900f\u660e_07-2-300x169.jpg 300w, https:\/\/deke.mktdrive.com\/wp-content\/uploads\/2026\/04\/P10126\u900f\u660e_07-2-1024x576.jpg 1024w, https:\/\/deke.mktdrive.com\/wp-content\/uploads\/2026\/04\/P10126\u900f\u660e_07-2-768x432.jpg 768w, https:\/\/deke.mktdrive.com\/wp-content\/uploads\/2026\/04\/P10126\u900f\u660e_07-2-1536x864.jpg 1536w, https:\/\/deke.mktdrive.com\/wp-content\/uploads\/2026\/04\/P10126\u900f\u660e_07-2-18x10.jpg 18w, https:\/\/deke.mktdrive.com\/wp-content\/uploads\/2026\/04\/P10126\u900f\u660e_07-2-600x338.jpg 600w\" sizes=\"(max-width: 1920px) 100vw, 1920px\" \/><img loading=\"lazy\" decoding=\"async\" class=\"aligncenter size-full wp-image-5517\" src=\"https:\/\/deke.mktdrive.com\/wp-content\/uploads\/2026\/04\/P10126\u900f\u660e_08-2.jpg\" alt=\"\" width=\"1920\" height=\"1080\" srcset=\"https:\/\/deke.mktdrive.com\/wp-content\/uploads\/2026\/04\/P10126\u900f\u660e_08-2.jpg 1920w, https:\/\/deke.mktdrive.com\/wp-content\/uploads\/2026\/04\/P10126\u900f\u660e_08-2-300x169.jpg 300w, https:\/\/deke.mktdrive.com\/wp-content\/uploads\/2026\/04\/P10126\u900f\u660e_08-2-1024x576.jpg 1024w, https:\/\/deke.mktdrive.com\/wp-content\/uploads\/2026\/04\/P10126\u900f\u660e_08-2-768x432.jpg 768w, https:\/\/deke.mktdrive.com\/wp-content\/uploads\/2026\/04\/P10126\u900f\u660e_08-2-1536x864.jpg 1536w, https:\/\/deke.mktdrive.com\/wp-content\/uploads\/2026\/04\/P10126\u900f\u660e_08-2-18x10.jpg 18w, https:\/\/deke.mktdrive.com\/wp-content\/uploads\/2026\/04\/P10126\u900f\u660e_08-2-600x338.jpg 600w\" sizes=\"(max-width: 1920px) 100vw, 1920px\" \/><img loading=\"lazy\" decoding=\"async\" class=\"aligncenter size-full wp-image-5498\" src=\"https:\/\/deke.mktdrive.com\/wp-content\/uploads\/2026\/04\/ecp-1.jpg\" alt=\"\" width=\"1920\" height=\"1080\" srcset=\"https:\/\/deke.mktdrive.com\/wp-content\/uploads\/2026\/04\/ecp-1.jpg 1920w, https:\/\/deke.mktdrive.com\/wp-content\/uploads\/2026\/04\/ecp-1-300x169.jpg 300w, https:\/\/deke.mktdrive.com\/wp-content\/uploads\/2026\/04\/ecp-1-1024x576.jpg 1024w, https:\/\/deke.mktdrive.com\/wp-content\/uploads\/2026\/04\/ecp-1-768x432.jpg 768w, https:\/\/deke.mktdrive.com\/wp-content\/uploads\/2026\/04\/ecp-1-1536x864.jpg 1536w, https:\/\/deke.mktdrive.com\/wp-content\/uploads\/2026\/04\/ecp-1-18x10.jpg 18w, https:\/\/deke.mktdrive.com\/wp-content\/uploads\/2026\/04\/ecp-1-600x338.jpg 600w\" sizes=\"(max-width: 1920px) 100vw, 1920px\" \/> <img loading=\"lazy\" decoding=\"async\" class=\"aligncenter size-full wp-image-5508\" src=\"https:\/\/deke.mktdrive.com\/wp-content\/uploads\/2026\/04\/P10126\u900f\u660e_10-1.jpg\" alt=\"\" width=\"1920\" height=\"1080\" srcset=\"https:\/\/deke.mktdrive.com\/wp-content\/uploads\/2026\/04\/P10126\u900f\u660e_10-1.jpg 1920w, https:\/\/deke.mktdrive.com\/wp-content\/uploads\/2026\/04\/P10126\u900f\u660e_10-1-300x169.jpg 300w, https:\/\/deke.mktdrive.com\/wp-content\/uploads\/2026\/04\/P10126\u900f\u660e_10-1-1024x576.jpg 1024w, https:\/\/deke.mktdrive.com\/wp-content\/uploads\/2026\/04\/P10126\u900f\u660e_10-1-768x432.jpg 768w, https:\/\/deke.mktdrive.com\/wp-content\/uploads\/2026\/04\/P10126\u900f\u660e_10-1-1536x864.jpg 1536w, https:\/\/deke.mktdrive.com\/wp-content\/uploads\/2026\/04\/P10126\u900f\u660e_10-1-18x10.jpg 18w, https:\/\/deke.mktdrive.com\/wp-content\/uploads\/2026\/04\/P10126\u900f\u660e_10-1-600x338.jpg 600w\" sizes=\"(max-width: 1920px) 100vw, 1920px\" \/><img loading=\"lazy\" decoding=\"async\" class=\"aligncenter size-full wp-image-5536\" src=\"https:\/\/deke.mktdrive.com\/wp-content\/uploads\/2026\/04\/ECO-Plus-1-1.jpg\" alt=\"\" width=\"1920\" height=\"1080\" srcset=\"https:\/\/deke.mktdrive.com\/wp-content\/uploads\/2026\/04\/ECO-Plus-1-1.jpg 1920w, https:\/\/deke.mktdrive.com\/wp-content\/uploads\/2026\/04\/ECO-Plus-1-1-300x169.jpg 300w, https:\/\/deke.mktdrive.com\/wp-content\/uploads\/2026\/04\/ECO-Plus-1-1-1024x576.jpg 1024w, https:\/\/deke.mktdrive.com\/wp-content\/uploads\/2026\/04\/ECO-Plus-1-1-768x432.jpg 768w, https:\/\/deke.mktdrive.com\/wp-content\/uploads\/2026\/04\/ECO-Plus-1-1-1536x864.jpg 1536w, https:\/\/deke.mktdrive.com\/wp-content\/uploads\/2026\/04\/ECO-Plus-1-1-18x10.jpg 18w, https:\/\/deke.mktdrive.com\/wp-content\/uploads\/2026\/04\/ECO-Plus-1-1-600x338.jpg 600w\" sizes=\"(max-width: 1920px) 100vw, 1920px\" \/><\/p>\n<p>Tama\u00f1o: 56,9 * 29,1 * 89 mm<\/p>\n<p>Bobina: doble malla<\/p>\n<p>Boost: 20000 Puffs Regular: 30000 Puffs<\/p>\n<p>E-l\u00edquido Capacidad: 15 ml<\/p>\n<p>Resistencia: 0,8 \u03a9 0,8 \u03a9<\/p>\n<p>Capacidad de la bater\u00eda: 300 mAh 850 mAh<\/p>\n<p>Voltaje: 4.15V &#8211;  4.2 V<\/p>\n<p>Puerto de carga: Tipo C<\/p>\n<p>&nbsp;<\/p>\n<p>Otros sabores:<\/p>\n<p><img loading=\"lazy\" decoding=\"async\" class=\"aligncenter size-full wp-image-5279\" src=\"https:\/\/deke.mktdrive.com\/wp-content\/uploads\/2026\/03\/different-flavor-of-the-E-Liquid.jpg\" alt=\"sabor diferente del E-Liquid\" width=\"967\" height=\"541\" srcset=\"https:\/\/deke.mktdrive.com\/wp-content\/uploads\/2026\/03\/different-flavor-of-the-E-Liquid.jpg 967w, https:\/\/deke.mktdrive.com\/wp-content\/uploads\/2026\/03\/different-flavor-of-the-E-Liquid-300x168.jpg 300w, https:\/\/deke.mktdrive.com\/wp-content\/uploads\/2026\/03\/different-flavor-of-the-E-Liquid-768x430.jpg 768w, https:\/\/deke.mktdrive.com\/wp-content\/uploads\/2026\/03\/different-flavor-of-the-E-Liquid-18x10.jpg 18w, https:\/\/deke.mktdrive.com\/wp-content\/uploads\/2026\/03\/different-flavor-of-the-E-Liquid-600x336.jpg 600w\" sizes=\"(max-width: 967px) 100vw, 967px\" \/><\/p>\n<p>1) zumo de melocot\u00f3n 2) pomelo de miel 3) manzana \u00e1cida 4) zumo de frambuesa 5) manzana mango melocot\u00f3n 6) melocot\u00f3n kiwi lychee 7) osos gomosos 8) gelatina de bayas<\/p>","protected":false},"excerpt":{"rendered":"<p>Claridad pura, mejor sabor, disfrutar plenamente<br \/>\nTanque transparente recargable, banco de potencia.<br \/>\nAumento: 20000 Puffs Regular: 30000 Puffs<br \/>\nFlujo de aire ajustable (MTL y DTL)<br \/>\nTama\u00f1o: 56,9 * 29,1 * 89 mm<br \/>\nE-l\u00edquido Capacidad: 15 ml<br \/>\nBater\u00eda: 300 mAh 850 mAh<br \/>\nResistencia: 0,8 \u03a9 0,8 \u03a9<br \/>\nCarga r\u00e1pida<\/p>","protected":false},"featured_media":5520,"comment_status":"closed","ping_status":"closed","template":"","meta":[],"product_brand":[],"product_cat":[23,25],"product_tag":[],"class_list":{"0":"post-5446","1":"product","2":"type-product","3":"status-publish","4":"has-post-thumbnail","6":"product_cat-pod-system","7":"product_cat-product","9":"first","10":"instock","11":"shipping-taxable","12":"product-type-simple"},"_links":{"self":[{"href":"https:\/\/deke.mktdrive.com\/es\/wp-json\/wp\/v2\/product\/5446","targetHints":{"allow":["GET"]}}],"collection":[{"href":"https:\/\/deke.mktdrive.com\/es\/wp-json\/wp\/v2\/product"}],"about":[{"href":"https:\/\/deke.mktdrive.com\/es\/wp-json\/wp\/v2\/types\/product"}],"replies":[{"embeddable":true,"href":"https:\/\/deke.mktdrive.com\/es\/wp-json\/wp\/v2\/comments?post=5446"}],"wp:featuredmedia":[{"embeddable":true,"href":"https:\/\/deke.mktdrive.com\/es\/wp-json\/wp\/v2\/media\/5520"}],"wp:attachment":[{"href":"https:\/\/deke.mktdrive.com\/es\/wp-json\/wp\/v2\/media?parent=5446"}],"wp:term":[{"taxonomy":"product_brand","embeddable":true,"href":"https:\/\/deke.mktdrive.com\/es\/wp-json\/wp\/v2\/product_brand?post=5446"},{"taxonomy":"product_cat","embeddable":true,"href":"https:\/\/deke.mktdrive.com\/es\/wp-json\/wp\/v2\/product_cat?post=5446"},{"taxonomy":"product_tag","embeddable":true,"href":"https:\/\/deke.mktdrive.com\/es\/wp-json\/wp\/v2\/product_tag?post=5446"}],"curies":[{"name":"wp","href":"https:\/\/api.w.org\/{rel}","templated":true}]}}