{"id":426,"date":"2025-05-19T10:33:23","date_gmt":"2025-05-19T02:33:23","guid":{"rendered":"http:\/\/deke.mktdrive.com%20\/?post_type=product&#038;p=426"},"modified":"2026-04-10T10:56:00","modified_gmt":"2026-04-10T02:56:00","slug":"s-30k","status":"publish","type":"product","link":"https:\/\/deke.mktdrive.com\/fr\/product\/s-30k\/","title":{"rendered":"Wafoo S 30K Smart Bluetooth Disposable Vape | Phone Connected"},"content":{"rendered":"<p style=\"text-align: center;\"><span style=\"font-size: 24pt;\"><strong><b>Pourquoi&#8217; s un meilleur choix:<\/b><\/strong><\/span><\/p>\n<p><span style=\"font-size: 14pt;\">Utilisation durable:\u00a0<\/span><\/p>\n<p><span style=\"font-size: 14pt;\">Avec 25ml de jus liquide \u00e0 l'int\u00e9rieur, il&#8217; s construit pour livrer jusqu'\u00e0 30 000 puffs. Vous obtenez une utilisation prolong\u00e9e \u00e0 partir d'un seul appareil de vaping compact.<\/span><\/p>\n<p><span style=\"font-size: 14pt;\">Technologie de saveur sup\u00e9rieure:\u00a0<\/span><\/p>\n<p><span style=\"font-size: 14pt;\">Nous utilisons des bobines \u00e0 double maille pour chauffer nos m\u00e9langes d'ar\u00f4mes de jus premium. Cela vous donne un go\u00fbt plus lisse et plus coh\u00e9rent \u00e0 chaque bouff\u00e9e, montrant les meilleures saveurs de vaping.<\/span><\/p>\n<p><span style=\"font-size: 14pt;\">Smart &amp; Interactif :\u00a0<\/span><\/p>\n<p><span style=\"font-size: 14pt;\">Allez au-del\u00e0 du vaping. Cet appareil permet le streaming de musique en direct, comprend des jeux simples et peut m\u00eame g\u00e9rer les appels entrants, ce qui en fait un produit vraiment multifonctionnel.<\/span><\/p>\n<p><span style=\"font-size: 14pt;\">Informations claires:\u00a0<\/span><\/p>\n<p><span style=\"font-size: 14pt;\">Un \u00e9cran intelligent affiche votre niveau de batterie et le nombre de puffs, vous&#8217; toujours inform\u00e9.<\/span><\/p>\n<p>&nbsp;<\/p>\n<p><img fetchpriority=\"high\" decoding=\"async\" class=\"alignnone wp-image-4223 size-full\" src=\"https:\/\/deke.mktdrive.com\/wp-content\/uploads\/2025\/05\/S30K61-1.jpg\" alt=\"\" width=\"1920\" height=\"1080\" srcset=\"https:\/\/deke.mktdrive.com\/wp-content\/uploads\/2025\/05\/S30K61-1.jpg 1920w, https:\/\/deke.mktdrive.com\/wp-content\/uploads\/2025\/05\/S30K61-1-300x169.jpg 300w, https:\/\/deke.mktdrive.com\/wp-content\/uploads\/2025\/05\/S30K61-1-1024x576.jpg 1024w, https:\/\/deke.mktdrive.com\/wp-content\/uploads\/2025\/05\/S30K61-1-768x432.jpg 768w, https:\/\/deke.mktdrive.com\/wp-content\/uploads\/2025\/05\/S30K61-1-1536x864.jpg 1536w, https:\/\/deke.mktdrive.com\/wp-content\/uploads\/2025\/05\/S30K61-1-600x338.jpg 600w\" sizes=\"(max-width: 1920px) 100vw, 1920px\" \/><\/p>\n<h3 style=\"text-align: center;\"><span style=\"font-size: 24pt;\"><strong>Informations d\u00e9taill\u00e9es sur le produit<\/strong><\/span><\/h3>\n<p><span style=\"font-size: 14pt;\"> Construit plus intelligent avec Bluetooth<\/span><\/p>\n<p><span style=\"font-size: 14pt;\">Wafoo a con\u00e7u le S 30K pour se d\u00e9marquer. En ajoutant une connectivit\u00e9 Bluetooth stable, nous&#8217; Nous avons transform\u00e9 un simple sous-syst\u00e8me jetable en un gadget interactif. C\u2019est cette concentration sur les fonctionnalit\u00e9s intelligentes qui fait que de nombreux utilisateurs le consid\u00e8rent comme l\u2019une des meilleures options jetables disponibles.<\/span><\/p>\n<p><span style=\"font-size: 14pt;\"> Con\u00e7u pour les performances et le go\u00fbt<\/span><\/p>\n<p><span style=\"font-size: 14pt;\">La base d'un excellent dispositif de vaping est une performance fiable. Le S 30K combine une batterie de grande capacit\u00e9 avec un g\u00e9n\u00e9reux r\u00e9servoir de 25 ml de notre liquide de jus signature. Le Dual Meshcoil est crucial, il assure la vaporisation uniforme de l'e-liquide, ce qui est essentiel pour d\u00e9verrouiller le profil complet de sa gamme de saveurs jetables. Des fruits glac\u00e9s aux desserts riches, le go\u00fbt est clair et satisfaisant.<\/span><\/p>\n<p><span style=\"font-size: 14pt;\">Une saveur et un style pour tout le monde<\/span><\/p>\n<p><span style=\"font-size: 14pt;\">Le choix est important. Cela&#8217; s pourquoi le WafooS 30K est disponible en plusieurs saveurs de vapes jetables. Que vous pr\u00e9f\u00e9riez des m\u00e9langes de baies \u00e9pic\u00e9es, du menthol frais ou du tabac classique, il y a&#8217; s une saveur de jus pour vous. L'appareil lui-m\u00eame est \u00e9galement disponible en plusieurs couleurs modernes pour correspondre \u00e0 votre style.<\/span><\/p>\n<p><span style=\"font-size: 14pt;\">Service in\u00e9gal\u00e9 &amp; Soutien<\/span><\/p>\n<p><span style=\"font-size: 14pt;\">Choisir Wafoo signifie obtenir un soutien complet. Nous offrons un service \u00e0 guichet unique, de la consultation des produits et de l'achat en vrac au support apr\u00e8s-vente. Notre objectif est de cro\u00eetre avec des partenaires mondiaux en fournissant les meilleures solutions de produits jetables concurrentielles.<\/span><\/p>\n<p>&nbsp;<\/p>\n<p><img decoding=\"async\" class=\"alignnone wp-image-4186 size-full\" src=\"https:\/\/deke.mktdrive.com\/wp-content\/uploads\/2025\/05\/S30K62.jpg\" alt=\"\" width=\"1920\" height=\"1080\" srcset=\"https:\/\/deke.mktdrive.com\/wp-content\/uploads\/2025\/05\/S30K62.jpg 1920w, https:\/\/deke.mktdrive.com\/wp-content\/uploads\/2025\/05\/S30K62-300x169.jpg 300w, https:\/\/deke.mktdrive.com\/wp-content\/uploads\/2025\/05\/S30K62-1024x576.jpg 1024w, https:\/\/deke.mktdrive.com\/wp-content\/uploads\/2025\/05\/S30K62-768x432.jpg 768w, https:\/\/deke.mktdrive.com\/wp-content\/uploads\/2025\/05\/S30K62-1536x864.jpg 1536w, https:\/\/deke.mktdrive.com\/wp-content\/uploads\/2025\/05\/S30K62-600x338.jpg 600w\" sizes=\"(max-width: 1920px) 100vw, 1920px\" \/><\/p>\n<p style=\"text-align: center;\"><span style=\"font-size: 24pt;\"><strong>Questions fr\u00e9quemment pos\u00e9es<\/strong><\/span><\/p>\n<p><span style=\"font-size: 14pt;\">Q1 : Le vape jetable Wafoo S 30K se connecte-t-il vraiment \u00e0 un t\u00e9l\u00e9phone ? Que peut-il faire ?<\/span><\/p>\n<p><span style=\"font-size: 14pt;\">Oui, c\u2019est l\u2019innovation de base de la S 30K. Via Bluetooth, ce dispositif multifonctionnel jetable permet de diffuser de la musique en direct, de jouer \u00e0 des mini-jeux int\u00e9gr\u00e9s et m\u00eame de r\u00e9pondre aux appels, enrichissant grandement l'exp\u00e9rience jetable des cigarettes \u00e9lectroniques traditionnelles.<\/span><\/p>\n<p><span style=\"font-size: 14pt;\">Q2 : Quelles saveurs sont disponibles pour le S 30K ?<\/span><\/p>\n<p><span style=\"font-size: 14pt;\">Wafoo propose une large s\u00e9lection de saveurs de vaping pour le S 30K. Notre jus liquide est disponible dans des choix populaires tels que des baies m\u00e9lang\u00e9es, des mangues fra\u00eeches, de la glace de pomme croustillante et du tabac lisse. Nous mettons r\u00e9guli\u00e8rement \u00e0 jour nos saveurs de vapes jetables en fonction des tendances du march\u00e9.<\/span><\/p>\n<p><span style=\"font-size: 14pt;\">Q3: Que&#8217; s la diff\u00e9rence entre Wafoo&#8217; s jetables et syst\u00e8mes de pod?<\/span><\/p>\n<p><span style=\"font-size: 14pt;\">Wafoo propose diff\u00e9rents types de dispositifs de vaping pour r\u00e9pondre \u00e0 diff\u00e9rents besoins. Nos produits jetables, comme le S 30K, sont pr\u00e9remplis et enti\u00e8rement sans entretien - utilisez-les jusqu'\u00e0 ce qu'il&#8217; s fait. Nos syst\u00e8mes de vapes ou de capsules rechargeables, comme la s\u00e9rie ECO, ont un dispositif de batterie r\u00e9utilisable et des capsules jetables interchangeables (cartouches) que vous pouvez \u00e9changer pour changer la saveur du jus. Les deux sont excellents ; le choix d\u00e9pend de si vous pr\u00e9f\u00e9rez la commodit\u00e9 ultime ou la flexibilit\u00e9 de changer de saveurs plus souvent.<\/span><\/p>\n<p>&nbsp;<\/p>","protected":false},"excerpt":{"rendered":"<p>Rencontrez le Wafoo S 30K, un appareil de vaping jetable intelligent avec Bluetooth pour la musique, les jeux et appels. Il contient 25 ml de jus liquide pour jusqu'\u00e0 30 000 bouff\u00e9es et utilise un double maillage pour de grandes saveurs de vaping.<\/p>\n<p>&nbsp;<\/p>","protected":false},"featured_media":4172,"comment_status":"closed","ping_status":"closed","template":"","meta":[],"product_brand":[],"product_cat":[15,25],"product_tag":[],"class_list":{"0":"post-426","1":"product","2":"type-product","3":"status-publish","4":"has-post-thumbnail","6":"product_cat-disposable","7":"product_cat-product","9":"first","10":"instock","11":"shipping-taxable","12":"product-type-simple"},"_links":{"self":[{"href":"https:\/\/deke.mktdrive.com\/fr\/wp-json\/wp\/v2\/product\/426","targetHints":{"allow":["GET"]}}],"collection":[{"href":"https:\/\/deke.mktdrive.com\/fr\/wp-json\/wp\/v2\/product"}],"about":[{"href":"https:\/\/deke.mktdrive.com\/fr\/wp-json\/wp\/v2\/types\/product"}],"replies":[{"embeddable":true,"href":"https:\/\/deke.mktdrive.com\/fr\/wp-json\/wp\/v2\/comments?post=426"}],"wp:featuredmedia":[{"embeddable":true,"href":"https:\/\/deke.mktdrive.com\/fr\/wp-json\/wp\/v2\/media\/4172"}],"wp:attachment":[{"href":"https:\/\/deke.mktdrive.com\/fr\/wp-json\/wp\/v2\/media?parent=426"}],"wp:term":[{"taxonomy":"product_brand","embeddable":true,"href":"https:\/\/deke.mktdrive.com\/fr\/wp-json\/wp\/v2\/product_brand?post=426"},{"taxonomy":"product_cat","embeddable":true,"href":"https:\/\/deke.mktdrive.com\/fr\/wp-json\/wp\/v2\/product_cat?post=426"},{"taxonomy":"product_tag","embeddable":true,"href":"https:\/\/deke.mktdrive.com\/fr\/wp-json\/wp\/v2\/product_tag?post=426"}],"curies":[{"name":"wp","href":"https:\/\/api.w.org\/{rel}","templated":true}]}}