{"id":4694,"date":"2025-12-01T15:45:36","date_gmt":"2025-12-01T07:45:36","guid":{"rendered":"https:\/\/deke.mktdrive.com\/?post_type=product&#038;p=4694"},"modified":"2025-12-05T17:07:38","modified_gmt":"2025-12-05T09:07:38","slug":"wafoo-16000","status":"publish","type":"product","link":"https:\/\/deke.mktdrive.com\/fr\/product\/wafoo-16000\/","title":{"rendered":"WAFOO 16000"},"content":{"rendered":"<p style=\"text-align: center;\"><span style=\"font-size: 24pt;\"><strong>WAFOO 16000<\/strong><\/span><\/p>\n<p>WAFOO 16000 Disposable Vape est l'un des produits de vape les plus repr\u00e9sentatifs<\/p>\n<p>Jusqu'\u00e0 16.000Puffs \/ Taille: 32.97 * 99.17 * 22.96mm \/ Bobine: Bobine en maille \/ E-Liquide: 16ml \/ Batterie: 600mAh \/ R\u00e9sistance: 1.2\u03a9 \/ Lanyard<\/p>\n<p>Caract\u00e9ristiques principales :<\/p>\n<p>Batterie &amp; Charge: batterie rechargeable de 600mAh avec charge rapide USB-C<\/p>\n<p>Capacit\u00e9 E-Liquide: 16ml avec 5 mg\/ml de sel de nicotine<\/p>\n<p>Technologie de bobine: Technologie de bobine en maille pour une vapeur lisse et une saveur forte<\/p>\n<p>Conception: Texture m\u00e9tallique Conception d'\u00e9cran num\u00e9rique<\/p>\n<p>Liste des saveurs (9 saveurs):<\/p>\n<p>1) FRUIT DE PASSION 2) MANGO 3) DOUBLE POMME 4) PEISCH MANGO MELON<br \/>\n5) VCT 6) GRAPE 7) BLUEBERRY RASPBERRY 8) PEACH 9) MELON<\/p>\n<p><img fetchpriority=\"high\" decoding=\"async\" class=\"alignnone wp-image-4842 size-full\" src=\"https:\/\/deke.mktdrive.com\/wp-content\/uploads\/2025\/12\/P30295-X3wafoo_01.jpg\" alt=\"\" width=\"1920\" height=\"1079\" srcset=\"https:\/\/deke.mktdrive.com\/wp-content\/uploads\/2025\/12\/P30295-X3wafoo_01.jpg 1920w, https:\/\/deke.mktdrive.com\/wp-content\/uploads\/2025\/12\/P30295-X3wafoo_01-300x169.jpg 300w, https:\/\/deke.mktdrive.com\/wp-content\/uploads\/2025\/12\/P30295-X3wafoo_01-1024x575.jpg 1024w, https:\/\/deke.mktdrive.com\/wp-content\/uploads\/2025\/12\/P30295-X3wafoo_01-768x432.jpg 768w, https:\/\/deke.mktdrive.com\/wp-content\/uploads\/2025\/12\/P30295-X3wafoo_01-1536x863.jpg 1536w, https:\/\/deke.mktdrive.com\/wp-content\/uploads\/2025\/12\/P30295-X3wafoo_01-600x337.jpg 600w\" sizes=\"(max-width: 1920px) 100vw, 1920px\" \/><img decoding=\"async\" class=\"alignnone wp-image-4852 size-full\" src=\"https:\/\/deke.mktdrive.com\/wp-content\/uploads\/2025\/12\/P30295-X3wafoo_02-1.jpg\" alt=\"\" width=\"1920\" height=\"1081\" srcset=\"https:\/\/deke.mktdrive.com\/wp-content\/uploads\/2025\/12\/P30295-X3wafoo_02-1.jpg 1920w, https:\/\/deke.mktdrive.com\/wp-content\/uploads\/2025\/12\/P30295-X3wafoo_02-1-300x169.jpg 300w, https:\/\/deke.mktdrive.com\/wp-content\/uploads\/2025\/12\/P30295-X3wafoo_02-1-1024x577.jpg 1024w, https:\/\/deke.mktdrive.com\/wp-content\/uploads\/2025\/12\/P30295-X3wafoo_02-1-768x432.jpg 768w, https:\/\/deke.mktdrive.com\/wp-content\/uploads\/2025\/12\/P30295-X3wafoo_02-1-1536x865.jpg 1536w, https:\/\/deke.mktdrive.com\/wp-content\/uploads\/2025\/12\/P30295-X3wafoo_02-1-600x338.jpg 600w\" sizes=\"(max-width: 1920px) 100vw, 1920px\" \/><img decoding=\"async\" class=\"alignnone wp-image-4844 size-full\" src=\"https:\/\/deke.mktdrive.com\/wp-content\/uploads\/2025\/12\/P30295-X3wafoo_03.jpg\" alt=\"\" width=\"1920\" height=\"1080\" srcset=\"https:\/\/deke.mktdrive.com\/wp-content\/uploads\/2025\/12\/P30295-X3wafoo_03.jpg 1920w, https:\/\/deke.mktdrive.com\/wp-content\/uploads\/2025\/12\/P30295-X3wafoo_03-300x169.jpg 300w, https:\/\/deke.mktdrive.com\/wp-content\/uploads\/2025\/12\/P30295-X3wafoo_03-1024x576.jpg 1024w, https:\/\/deke.mktdrive.com\/wp-content\/uploads\/2025\/12\/P30295-X3wafoo_03-768x432.jpg 768w, https:\/\/deke.mktdrive.com\/wp-content\/uploads\/2025\/12\/P30295-X3wafoo_03-1536x864.jpg 1536w, https:\/\/deke.mktdrive.com\/wp-content\/uploads\/2025\/12\/P30295-X3wafoo_03-600x338.jpg 600w\" sizes=\"(max-width: 1920px) 100vw, 1920px\" \/> <img loading=\"lazy\" decoding=\"async\" class=\"alignnone wp-image-4845 size-full\" src=\"https:\/\/deke.mktdrive.com\/wp-content\/uploads\/2025\/12\/P30295-X3wafoo_04.jpg\" alt=\"\" width=\"1920\" height=\"1080\" srcset=\"https:\/\/deke.mktdrive.com\/wp-content\/uploads\/2025\/12\/P30295-X3wafoo_04.jpg 1920w, https:\/\/deke.mktdrive.com\/wp-content\/uploads\/2025\/12\/P30295-X3wafoo_04-300x169.jpg 300w, https:\/\/deke.mktdrive.com\/wp-content\/uploads\/2025\/12\/P30295-X3wafoo_04-1024x576.jpg 1024w, https:\/\/deke.mktdrive.com\/wp-content\/uploads\/2025\/12\/P30295-X3wafoo_04-768x432.jpg 768w, https:\/\/deke.mktdrive.com\/wp-content\/uploads\/2025\/12\/P30295-X3wafoo_04-1536x864.jpg 1536w, https:\/\/deke.mktdrive.com\/wp-content\/uploads\/2025\/12\/P30295-X3wafoo_04-600x338.jpg 600w\" sizes=\"(max-width: 1920px) 100vw, 1920px\" \/> <img loading=\"lazy\" decoding=\"async\" class=\"alignnone wp-image-4846 size-full\" src=\"https:\/\/deke.mktdrive.com\/wp-content\/uploads\/2025\/12\/P30295-X3wafoo_05.jpg\" alt=\"\" width=\"1920\" height=\"1080\" srcset=\"https:\/\/deke.mktdrive.com\/wp-content\/uploads\/2025\/12\/P30295-X3wafoo_05.jpg 1920w, https:\/\/deke.mktdrive.com\/wp-content\/uploads\/2025\/12\/P30295-X3wafoo_05-300x169.jpg 300w, https:\/\/deke.mktdrive.com\/wp-content\/uploads\/2025\/12\/P30295-X3wafoo_05-1024x576.jpg 1024w, https:\/\/deke.mktdrive.com\/wp-content\/uploads\/2025\/12\/P30295-X3wafoo_05-768x432.jpg 768w, https:\/\/deke.mktdrive.com\/wp-content\/uploads\/2025\/12\/P30295-X3wafoo_05-1536x864.jpg 1536w, https:\/\/deke.mktdrive.com\/wp-content\/uploads\/2025\/12\/P30295-X3wafoo_05-600x338.jpg 600w\" sizes=\"(max-width: 1920px) 100vw, 1920px\" \/> <img loading=\"lazy\" decoding=\"async\" class=\"alignnone wp-image-4853 size-full\" src=\"https:\/\/deke.mktdrive.com\/wp-content\/uploads\/2025\/12\/P30295-X3wafoo_06-1.jpg\" alt=\"\" width=\"1920\" height=\"1080\" srcset=\"https:\/\/deke.mktdrive.com\/wp-content\/uploads\/2025\/12\/P30295-X3wafoo_06-1.jpg 1920w, https:\/\/deke.mktdrive.com\/wp-content\/uploads\/2025\/12\/P30295-X3wafoo_06-1-300x169.jpg 300w, https:\/\/deke.mktdrive.com\/wp-content\/uploads\/2025\/12\/P30295-X3wafoo_06-1-1024x576.jpg 1024w, https:\/\/deke.mktdrive.com\/wp-content\/uploads\/2025\/12\/P30295-X3wafoo_06-1-768x432.jpg 768w, https:\/\/deke.mktdrive.com\/wp-content\/uploads\/2025\/12\/P30295-X3wafoo_06-1-1536x864.jpg 1536w, https:\/\/deke.mktdrive.com\/wp-content\/uploads\/2025\/12\/P30295-X3wafoo_06-1-600x338.jpg 600w\" sizes=\"(max-width: 1920px) 100vw, 1920px\" \/>\u00a0<img loading=\"lazy\" decoding=\"async\" class=\"alignnone wp-image-4848 size-full\" src=\"https:\/\/deke.mktdrive.com\/wp-content\/uploads\/2025\/12\/P30295-X3wafoo_07.jpg\" alt=\"\" width=\"1920\" height=\"1080\" srcset=\"https:\/\/deke.mktdrive.com\/wp-content\/uploads\/2025\/12\/P30295-X3wafoo_07.jpg 1920w, https:\/\/deke.mktdrive.com\/wp-content\/uploads\/2025\/12\/P30295-X3wafoo_07-300x169.jpg 300w, https:\/\/deke.mktdrive.com\/wp-content\/uploads\/2025\/12\/P30295-X3wafoo_07-1024x576.jpg 1024w, https:\/\/deke.mktdrive.com\/wp-content\/uploads\/2025\/12\/P30295-X3wafoo_07-768x432.jpg 768w, https:\/\/deke.mktdrive.com\/wp-content\/uploads\/2025\/12\/P30295-X3wafoo_07-1536x864.jpg 1536w, https:\/\/deke.mktdrive.com\/wp-content\/uploads\/2025\/12\/P30295-X3wafoo_07-600x338.jpg 600w\" sizes=\"(max-width: 1920px) 100vw, 1920px\" \/> <img loading=\"lazy\" decoding=\"async\" class=\"alignnone wp-image-4849 size-full\" src=\"https:\/\/deke.mktdrive.com\/wp-content\/uploads\/2025\/12\/P30295-X3wafoo_08.jpg\" alt=\"\" width=\"1920\" height=\"1080\" srcset=\"https:\/\/deke.mktdrive.com\/wp-content\/uploads\/2025\/12\/P30295-X3wafoo_08.jpg 1920w, https:\/\/deke.mktdrive.com\/wp-content\/uploads\/2025\/12\/P30295-X3wafoo_08-300x169.jpg 300w, https:\/\/deke.mktdrive.com\/wp-content\/uploads\/2025\/12\/P30295-X3wafoo_08-1024x576.jpg 1024w, https:\/\/deke.mktdrive.com\/wp-content\/uploads\/2025\/12\/P30295-X3wafoo_08-768x432.jpg 768w, https:\/\/deke.mktdrive.com\/wp-content\/uploads\/2025\/12\/P30295-X3wafoo_08-1536x864.jpg 1536w, https:\/\/deke.mktdrive.com\/wp-content\/uploads\/2025\/12\/P30295-X3wafoo_08-600x338.jpg 600w\" sizes=\"(max-width: 1920px) 100vw, 1920px\" \/> <img loading=\"lazy\" decoding=\"async\" class=\"alignnone wp-image-4850 size-full\" src=\"https:\/\/deke.mktdrive.com\/wp-content\/uploads\/2025\/12\/P30295-X3wafoo_09.jpg\" alt=\"\" width=\"1920\" height=\"1079\" srcset=\"https:\/\/deke.mktdrive.com\/wp-content\/uploads\/2025\/12\/P30295-X3wafoo_09.jpg 1920w, https:\/\/deke.mktdrive.com\/wp-content\/uploads\/2025\/12\/P30295-X3wafoo_09-300x169.jpg 300w, https:\/\/deke.mktdrive.com\/wp-content\/uploads\/2025\/12\/P30295-X3wafoo_09-1024x575.jpg 1024w, https:\/\/deke.mktdrive.com\/wp-content\/uploads\/2025\/12\/P30295-X3wafoo_09-768x432.jpg 768w, https:\/\/deke.mktdrive.com\/wp-content\/uploads\/2025\/12\/P30295-X3wafoo_09-1536x863.jpg 1536w, https:\/\/deke.mktdrive.com\/wp-content\/uploads\/2025\/12\/P30295-X3wafoo_09-600x337.jpg 600w\" sizes=\"(max-width: 1920px) 100vw, 1920px\" \/> <img loading=\"lazy\" decoding=\"async\" class=\"alignnone wp-image-4851 size-full\" src=\"https:\/\/deke.mktdrive.com\/wp-content\/uploads\/2025\/12\/P30295-X3wafoo_10.jpg\" alt=\"\" width=\"1920\" height=\"1081\" srcset=\"https:\/\/deke.mktdrive.com\/wp-content\/uploads\/2025\/12\/P30295-X3wafoo_10.jpg 1920w, https:\/\/deke.mktdrive.com\/wp-content\/uploads\/2025\/12\/P30295-X3wafoo_10-300x169.jpg 300w, https:\/\/deke.mktdrive.com\/wp-content\/uploads\/2025\/12\/P30295-X3wafoo_10-1024x577.jpg 1024w, https:\/\/deke.mktdrive.com\/wp-content\/uploads\/2025\/12\/P30295-X3wafoo_10-768x432.jpg 768w, https:\/\/deke.mktdrive.com\/wp-content\/uploads\/2025\/12\/P30295-X3wafoo_10-1536x865.jpg 1536w, https:\/\/deke.mktdrive.com\/wp-content\/uploads\/2025\/12\/P30295-X3wafoo_10-600x338.jpg 600w\" sizes=\"(max-width: 1920px) 100vw, 1920px\" \/><\/p>\n<p>&nbsp;<\/p>","protected":false},"excerpt":{"rendered":"<p>WAFOO 16000 Disposable Vape est l'un des produits de vape les plus repr\u00e9sentatifs, offrant aux utilisateurs l'exp\u00e9rience ultime de la cigarette \u00e9lectronique.<br \/>\nJusqu'\u00e0 16 000 Puffs \/ Lanyard<br \/>\nTaille: 32,97 * 99,17 * 22,96 mm<br \/>\nBobine: Bobine en maille<br \/>\nE-Liquide : 16ml<br \/>\nBatterie: 600mAh<br \/>\nR\u00e9sistance: 1.2\u03a9<\/p>","protected":false},"featured_media":4695,"comment_status":"closed","ping_status":"closed","template":"","meta":[],"product_brand":[],"product_cat":[15,25],"product_tag":[],"class_list":{"0":"post-4694","1":"product","2":"type-product","3":"status-publish","4":"has-post-thumbnail","6":"product_cat-disposable","7":"product_cat-product","9":"first","10":"instock","11":"shipping-taxable","12":"product-type-simple"},"_links":{"self":[{"href":"https:\/\/deke.mktdrive.com\/fr\/wp-json\/wp\/v2\/product\/4694","targetHints":{"allow":["GET"]}}],"collection":[{"href":"https:\/\/deke.mktdrive.com\/fr\/wp-json\/wp\/v2\/product"}],"about":[{"href":"https:\/\/deke.mktdrive.com\/fr\/wp-json\/wp\/v2\/types\/product"}],"replies":[{"embeddable":true,"href":"https:\/\/deke.mktdrive.com\/fr\/wp-json\/wp\/v2\/comments?post=4694"}],"wp:featuredmedia":[{"embeddable":true,"href":"https:\/\/deke.mktdrive.com\/fr\/wp-json\/wp\/v2\/media\/4695"}],"wp:attachment":[{"href":"https:\/\/deke.mktdrive.com\/fr\/wp-json\/wp\/v2\/media?parent=4694"}],"wp:term":[{"taxonomy":"product_brand","embeddable":true,"href":"https:\/\/deke.mktdrive.com\/fr\/wp-json\/wp\/v2\/product_brand?post=4694"},{"taxonomy":"product_cat","embeddable":true,"href":"https:\/\/deke.mktdrive.com\/fr\/wp-json\/wp\/v2\/product_cat?post=4694"},{"taxonomy":"product_tag","embeddable":true,"href":"https:\/\/deke.mktdrive.com\/fr\/wp-json\/wp\/v2\/product_tag?post=4694"}],"curies":[{"name":"wp","href":"https:\/\/api.w.org\/{rel}","templated":true}]}}